{"id":20398,"date":"2020-10-29T15:40:24","date_gmt":"2020-10-29T13:40:24","guid":{"rendered":"https:\/\/hannu-pro.ee\/product\/ssd-wrk-xt-2tb\/"},"modified":"2026-02-25T16:00:35","modified_gmt":"2026-02-25T14:00:35","slug":"ssd-wrk-xt-2tb","status":"publish","type":"product","link":"https:\/\/hannu-pro.ee\/en\/toode\/ssd-wrk-xt-2tb\/","title":{"rendered":"SSD WRK XT 2TB"},"content":{"rendered":"<div style=\", sans-serif;font-size: 18px;letter-spacing: 0.3499999940395355px\">\n<div class=\"row features\" style=\"margin-left: -15px;margin-right: -15px;margin-bottom: 4rem\">\n<div class=\"col-md-12\" style=\"position: relative;min-height: 1px;padding-left: 15px;padding-right: 15px;float: left;width: 1170px\">\n<h2 style=\"font-size: 1.5rem;letter-spacing: 0.4rem;margin-bottom: 4.4rem;text-align: center;text-transform: uppercase;margin-top: 6rem\">FEATURES<\/h2>\n<\/div>\n<div class=\"col-md-12 col-lg-offset-1 col-lg-10 featureswrapper\" style=\"position: relative;min-height: 1px;padding-left: 15px;padding-right: 15px;float: left;width: 975px;margin-left: 97.5px\">\n<div class=\"fitemwrapper\">\n<div class=\"fitem\" style=\"margin: 1rem 1.5rem 2rem;float: left;width: 28.3rem;font-size: 1.5rem\"><img decoding=\"async\" alt=\"speed icon\" src=\"https:\/\/www.angelbird.com\/media\/image\/product-feature-speed\/product-feature-speed.svg\" style=\"border: 0px;vertical-align: middle;width: auto;height: auto\" \/><span style=\"margin-left: 1rem;vertical-align: middle;width: 20.9rem\">Read speed up to 560 MB\/s<br \/>\nWrite speed up to 520 MB\/s<\/span><\/div>\n<div class=\"fitem\" style=\"margin: 1rem 1.5rem 2rem;float: left;width: 28.3rem;font-size: 1.5rem\"><img decoding=\"async\" alt=\"capacity icon\" src=\"https:\/\/www.angelbird.com\/media\/image\/product-feature-capacity\/product-feature-capacity.svg\" style=\"border: 0px;vertical-align: middle;width: auto;height: auto\" \/><span style=\"margin-left: 1rem;vertical-align: middle;width: 20.9rem\">1 TB | 2 TB | 4 TB | 8 TB<\/span><\/div>\n<div class=\"fitem\" style=\"margin: 1rem 1.5rem 2rem;float: left;width: 28.3rem;font-size: 1.5rem\"><img decoding=\"async\" alt=\"connectivity icon\" src=\"https:\/\/www.angelbird.com\/media\/image\/product-feature-connectivity\/product-feature-connectivity.svg\" style=\"border: 0px;vertical-align: middle;width: auto;height: auto\" \/><span style=\"margin-left: 1rem;vertical-align: middle;width: 20.9rem\">SATA 3.1, 6 Gb\/s<\/span><\/div>\n<div class=\"fitem\" style=\"margin: 1rem 1.5rem 2rem;float: left;width: 28.3rem;font-size: 1.5rem\"><img decoding=\"async\" alt=\"Mac \/ Windows \/ Linux\" src=\"https:\/\/www.angelbird.com\/media\/image\/product-feature-macwin\/product-feature-macwin.svg\" style=\"border: 0px;vertical-align: middle;width: auto;height: auto\" \/><span style=\"margin-left: 1rem;vertical-align: middle;width: 20.9rem\">Mac | Windows | Linux<\/span><\/div>\n<div class=\"fitem\" style=\"margin: 1rem 1.5rem 2rem;float: left;width: 28.3rem;font-size: 1.5rem\"><img decoding=\"async\" alt=\"ESD &amp; overload protection icon\" src=\"https:\/\/www.angelbird.com\/media\/image\/product-feature-power\/product-feature-power.svg\" style=\"border: 0px;vertical-align: middle;width: auto;height: auto\" \/><span style=\"margin-left: 1rem;vertical-align: middle;width: 20.9rem\">ESD &amp; overload protection<\/span><\/div>\n<div class=\"fitem\" style=\"margin: 1rem 1.5rem 2rem;float: left;width: 28.3rem;font-size: 1.5rem\"><img decoding=\"async\" alt=\"low power icon\" src=\"https:\/\/www.angelbird.com\/media\/image\/product-feature-iowpower\/product-feature-Iowpower.svg\" style=\"border: 0px;vertical-align: middle;width: auto;height: auto\" \/><span style=\"margin-left: 1rem;vertical-align: middle;width: 20.9rem\">Low power consumption<\/span><\/div>\n<div class=\"fitem\" style=\"margin: 1rem 1.5rem 2rem;float: left;width: 28.3rem;font-size: 1.5rem\"><img decoding=\"async\" alt=\"compatiblity icon\" src=\"https:\/\/www.angelbird.com\/media\/image\/product-feature-compatiblity\/product-feature-compatiblity.svg\" style=\"border: 0px;vertical-align: middle;width: auto;height: auto\" \/><span style=\"margin-left: 1rem;vertical-align: middle;width: 20.9rem\">Compatible with any PC or<br \/>\nMac that can host a 2.5&#8243; SSD<\/span><\/div>\n<div class=\"fitem\" style=\"margin: 1rem 1.5rem 2rem;float: left;width: 28.3rem;font-size: 1.5rem\"><img decoding=\"async\" alt=\"TRIM support icon\" src=\"https:\/\/www.angelbird.com\/media\/image\/product-feature-trim\/product-feature-trim.svg\" style=\"border: 0px;vertical-align: middle;width: auto;height: auto\" \/><span style=\"margin-left: 1rem;vertical-align: middle;width: 20.9rem\">TRIM support<\/span><\/div>\n<div class=\"fitem\" style=\"margin: 1rem 1.5rem 2rem;float: left;width: 28.3rem;font-size: 1.5rem\"><img decoding=\"async\" alt=\"3-year limited warranty icon\" src=\"https:\/\/www.angelbird.com\/media\/image\/product-feature-3year\/product-feature-3year.svg\" style=\"border: 0px;vertical-align: middle;width: auto;height: auto\" \/><span style=\"margin-left: 1rem;vertical-align: middle;width: 20.9rem\">3-year limited warranty<\/span><\/div>\n<div class=\"fitem\" style=\"margin: 1rem 1.5rem 2rem;float: left;width: 28.3rem;font-size: 1.5rem\">&nbsp;<\/div>\n<\/div>\n<\/div>\n<\/div>\n<hr style=\"height: 0px;margin-top: 14px;margin-bottom: 14px\" \/><\/div>\n<div style=\", sans-serif;font-size: 18px;letter-spacing: 0.3499999940395355px\">\n<div class=\"anchor\" id=\"specifications\" style=\"top: -8rem;position: relative\">&nbsp;<\/div>\n<div class=\"row specifications\" style=\"margin: 5.8rem -15px 1.8rem;font-size: 1.5rem;line-height: 1.8rem\">\n<div class=\"col-md-12\" style=\"position: relative;min-height: 1px;padding-left: 15px;padding-right: 15px;float: left;width: 1170px\">\n<h2 style=\"font-size: 1.5rem;letter-spacing: 0.42rem;margin: 0px 0px 5.6rem;text-align: center;text-transform: uppercase\">SPECIFICATIONS<\/h2>\n<\/div>\n<div class=\"col-md-6 col-lg-offset-1 col-lg-5\" style=\"position: relative;min-height: 1px;padding-left: 15px;padding-right: 15px;float: left;width: 487.5px;margin-left: 97.5px\">\n<h3 style=\"font-size: 1.8rem;line-height: 2.1rem;margin: 0px 0px 1.4rem;letter-spacing: 0.055rem\">General<\/h3>\n<div class=\"itemwrapper\" style=\"margin-bottom: 4.3rem\">\n<div class=\"specitem\" style=\"border-bottom-width: 1px;border-bottom-style: solid;padding: 0.9rem 0px 0.8rem\"><strong style=\"text-transform: uppercase;padding-right: 1.2rem\">CAPACITY<\/strong>1 TB | 2 TB | 4 TB | 8 TB<\/div>\n<div class=\"specitem\" style=\"border-bottom-width: 1px;border-bottom-style: solid;padding: 0.9rem 0px 0.8rem\"><strong style=\"text-transform: uppercase;padding-right: 1.2rem\">FORM FACTOR<\/strong>2.5 in slim, 7 mm | 8TB: 2.5 in, 9 mm<\/div>\n<div class=\"specitem\" style=\"border-bottom-width: 1px;border-bottom-style: solid;padding: 0.9rem 0px 0.8rem\"><strong style=\"text-transform: uppercase;padding-right: 1.2rem\">DIMENSIONS<\/strong>100.2 \u00d7 69.9 \u00d7 7.0 mm (3.94 \u00d7 2.75 x 0.28 inch)<\/div>\n<div class=\"specitem\" style=\"border-bottom-width: 1px;border-bottom-style: solid;padding: 0.9rem 0px 0.8rem\"><strong style=\"text-transform: uppercase;padding-right: 1.2rem\">WEIGHT<\/strong>~ 77.0 g \/ ~ 2.7 oz<\/div>\n<\/div>\n<h3 style=\"font-size: 1.8rem;line-height: 2.1rem;margin: 0px 0px 1.4rem;letter-spacing: 0.055rem\">Performance<\/h3>\n<div class=\"itemwrapper\" style=\"margin-bottom: 4.3rem\">\n<div class=\"specitem\" style=\"border-bottom-width: 1px;border-bottom-style: solid;padding: 0.9rem 0px 0.8rem\"><strong style=\"text-transform: uppercase;padding-right: 1.2rem\">SEQUENTIAL READ SPEED<span style=\"font-size: 11.25px;line-height: 0;position: relative;vertical-align: baseline;top: -0.5em\">1<\/span><\/strong>560 MB\/s<br \/>\n<strong style=\"text-transform: uppercase;padding-right: 1.2rem\">SUSTAINED READ SPEED<span style=\"font-size: 11.25px;line-height: 0;position: relative;vertical-align: baseline;top: -0.5em\">1<\/span><\/strong>540 MB\/s<\/div>\n<div class=\"specitem\" style=\"border-bottom-width: 1px;border-bottom-style: solid;padding: 0.9rem 0px 0.8rem\"><strong style=\"text-transform: uppercase;padding-right: 1.2rem\">SEQUENTIAL WRITE SPEED<span style=\"font-size: 11.25px;line-height: 0;position: relative;vertical-align: baseline;top: -0.5em\">1<\/span><\/strong>520 MB\/s<br \/>\n<strong style=\"text-transform: uppercase;padding-right: 1.2rem\">SUSTAINED WRITE SPEED<span style=\"font-size: 11.25px;line-height: 0;position: relative;vertical-align: baseline;top: -0.5em\">1<\/span><\/strong>500 MB\/s<\/div>\n<div class=\"specitem\" style=\"border-bottom-width: 1px;border-bottom-style: solid;padding: 0.9rem 0px 0.8rem\"><strong style=\"text-transform: uppercase;padding-right: 1.2rem\">ACCESS TIME (R\/W)<\/strong>~ 65 \u03bcs | 40 \u03bcs<\/div>\n<\/div>\n<h3 style=\"font-size: 1.8rem;line-height: 2.1rem;margin: 0px 0px 1.4rem;letter-spacing: 0.055rem\">Reliability<\/h3>\n<div class=\"itemwrapper\" style=\"margin-bottom: 4.3rem\">\n<div class=\"specitem\" style=\"border-bottom-width: 1px;border-bottom-style: solid;padding: 0.9rem 0px 0.8rem\"><strong style=\"text-transform: uppercase;padding-right: 1.2rem\">MTBF<\/strong>2,400,000 hours<\/div>\n<div class=\"specitem\" style=\"border-bottom-width: 1px;border-bottom-style: solid;padding: 0.9rem 0px 0.8rem\"><strong style=\"text-transform: uppercase;padding-right: 1.2rem\">DATA RELIABILITY<\/strong>Built-in EDC | ECC function<\/div>\n<div class=\"specitem\" style=\"border-bottom-width: 1px;border-bottom-style: solid;padding: 0.9rem 0px 0.8rem\"><strong style=\"text-transform: uppercase;padding-right: 1.2rem\">DATA RETENTION<\/strong>10 years at 25\u00b0<\/div>\n<div class=\"specitem\" style=\"border-bottom-width: 1px;border-bottom-style: solid;padding: 0.9rem 0px 0.8rem\">\n<div><strong style=\"text-transform: uppercase;padding-right: 1.2rem\">ENDURANCE<\/strong><\/div>\n<div>512 GB: up to 300 TBW<br \/>\n1 TB: up to 600 TBW<br \/>\n2 TB: up to 1.2 PBW<br \/>\n4 TB: up to 2.4 PBW<br \/>\n8 TB: up to 4.8 PBW<\/div>\n<\/div>\n<div class=\"specitem\" style=\"border-bottom-width: 1px;border-bottom-style: solid;padding: 0.9rem 0px 0.8rem\"><strong style=\"text-transform: uppercase;padding-right: 1.2rem\">CERTIFICATIONS<\/strong>RoHS, FCC and CE compliant, REACH<\/div>\n<\/div>\n<h3 style=\"font-size: 1.8rem;line-height: 2.1rem;margin: 0px 0px 1.4rem;letter-spacing: 0.055rem\">Electrical<\/h3>\n<div class=\"itemwrapper\" style=\"margin-bottom: 4.3rem\">\n<div class=\"specitem\" style=\"border-bottom-width: 1px;border-bottom-style: solid;padding: 0.9rem 0px 0.8rem\"><strong style=\"text-transform: uppercase;padding-right: 1.2rem\">DC INPUT VOLTAGE<\/strong>5 V \u00b1 10 %<\/div>\n<div class=\"specitem\" style=\"border-bottom-width: 1px;border-bottom-style: solid;padding: 0.9rem 0px 0.8rem\">\n<div><strong style=\"text-transform: uppercase;padding-right: 1.2rem\">POWER USAGE (IDLE\/MAX)<\/strong><\/div>\n<div>512 GB: 1.35 W | 4.7 W<br \/>\n1 TB: 1.35 W | 5.4 W<br \/>\n2 TB: 1.80 W | 5.2 W<br \/>\n4 TB: 1.35 W | 5.4 W<br \/>\n8 TB: 1.35 W | 6.4 W<\/div>\n<\/div>\n<\/div>\n<\/div>\n<div class=\"col-md-6 col-lg-5\" style=\"position: relative;min-height: 1px;padding-left: 15px;padding-right: 15px;float: left;width: 487.5px\">\n<h3 style=\"font-size: 1.8rem;line-height: 2.1rem;margin: 0px 0px 1.4rem;letter-spacing: 0.055rem\">Technical<\/h3>\n<div class=\"itemwrapper\" style=\"margin-bottom: 4.3rem\">\n<div class=\"specitem\" style=\"border-bottom-width: 1px;border-bottom-style: solid;padding: 0.9rem 0px 0.8rem\"><strong style=\"text-transform: uppercase;padding-right: 1.2rem\">INTERFACE<\/strong>SATA 6 Gb\/s, 3 Gb\/s and 1.5 Gb\/s supported<br \/>\nSATA 3.1 compliant<\/div>\n<div class=\"specitem\" style=\"border-bottom-width: 1px;border-bottom-style: solid;padding: 0.9rem 0px 0.8rem\"><strong style=\"text-transform: uppercase;padding-right: 1.2rem\">OVER PROVISIONING<\/strong>~ 9 %<\/div>\n<div class=\"specitem\" style=\"border-bottom-width: 1px;border-bottom-style: solid;padding: 0.9rem 0px 0.8rem\"><strong style=\"text-transform: uppercase;padding-right: 1.2rem\">FLASH<\/strong>Grade A Synchronous MLC<\/div>\n<div class=\"specitem\" style=\"border-bottom-width: 1px;border-bottom-style: solid;padding: 0.9rem 0px 0.8rem\"><strong style=\"text-transform: uppercase;padding-right: 1.2rem\">FEATURES<\/strong>Temperature sensor, overload protection, TRIM, ECC, EMS protection, built-in cache, SMART, NCQ, adaptive thermal protection<\/div>\n<div class=\"specitem\" style=\"border-bottom-width: 1px;border-bottom-style: solid;padding: 0.9rem 0px 0.8rem\"><strong style=\"text-transform: uppercase;padding-right: 1.2rem\">CASING MATERIAL<\/strong>High grade aluminium<\/div>\n<\/div>\n<h3 style=\"font-size: 1.8rem;line-height: 2.1rem;margin: 0px 0px 1.4rem;letter-spacing: 0.055rem\">Environmental<\/h3>\n<div class=\"itemwrapper\" style=\"margin-bottom: 4.3rem\">\n<div class=\"specitem\" style=\"border-bottom-width: 1px;border-bottom-style: solid;padding: 0.9rem 0px 0.8rem\"><strong style=\"text-transform: uppercase;padding-right: 1.2rem\">SHOCK RESITANCE (OPERATING)<\/strong>1000 G\/0.5 ms<\/div>\n<div class=\"specitem\" style=\"border-bottom-width: 1px;border-bottom-style: solid;padding: 0.9rem 0px 0.8rem\"><strong style=\"text-transform: uppercase;padding-right: 1.2rem\">VIBRATION RESISTANCE (OPERATING)<\/strong>2.17 G<small style=\"font-size: 12px\">RMS<\/small><\/div>\n<div class=\"specitem\" style=\"border-bottom-width: 1px;border-bottom-style: solid;padding: 0.9rem 0px 0.8rem\"><strong style=\"text-transform: uppercase;padding-right: 1.2rem\">OPERATING TEMPERATURE<\/strong>0\u00b0C ~ +70\u00b0C<\/div>\n<div class=\"specitem\" style=\"border-bottom-width: 1px;border-bottom-style: solid;padding: 0.9rem 0px 0.8rem\"><strong style=\"text-transform: uppercase;padding-right: 1.2rem\">STORAGE TEMPERATURE<\/strong>\u201340\u00b0C ~ +85\u00b0C<\/div>\n<div class=\"specitem\" style=\"border-bottom-width: 1px;border-bottom-style: solid;padding: 0.9rem 0px 0.8rem\"><strong style=\"text-transform: uppercase;padding-right: 1.2rem\">OPERATING HUMIDITY<\/strong>5 % to 95 % non-condensing<\/div>\n<\/div>\n<h3 style=\"font-size: 1.8rem;line-height: 2.1rem;margin: 0px 0px 1.4rem;letter-spacing: 0.055rem\">Warranty<span style=\"font-size: 13.5px;line-height: 0;position: relative;vertical-align: baseline;top: -0.5em\">2<\/span><\/h3>\n<div class=\"itemwrapper\" style=\"margin-bottom: 4.3rem\">\n<div class=\"specitem\" style=\"border-bottom-width: 1px;border-bottom-style: solid;padding: 0.9rem 0px 0.8rem\">3-year limited warranty<\/div>\n<p>&nbsp;<\/p>\n<div class=\"specitem\" style=\"border-bottom-width: 1px;border-bottom-style: solid;padding: 0.9rem 0px 0.8rem\"><small style=\"font-size: 12px\"><span style=\"font-size: 9px;line-height: 0;position: relative;vertical-align: baseline;top: -0.5em\">1<\/span>&nbsp;&#8230; Speed based on internal testing. Actual transfer rates and capacity may vary depending on the product model, system hardware and other factors.<br \/>\n<span style=\"font-size: 9px;line-height: 0;position: relative;vertical-align: baseline;top: -0.5em\">2<\/span>&nbsp;&#8230; To receive the full limited warranty, the product needs to be registered on the Angelbird Personal Service Portal within 30 days after purchase. If not registered within this period, the market-specific legal guarantee period comes into force<\/small><\/div>\n<\/div>\n<\/div>\n<\/div>\n<\/div>\n","protected":false},"excerpt":{"rendered":"<p>FEATURES Read speed up to 560 MB\/s Write speed up to 520 MB\/s 1 TB | 2 TB | 4 TB | 8 TB SATA 3.1, 6 Gb\/s Mac | Windows | Linux ESD &amp; overload protection Low power consumption Compatible with any PC or Mac that can host a 2.5&#8243; SSD TRIM support 3-year [&hellip;]<\/p>\n","protected":false},"featured_media":21641,"template":"","meta":[],"product_cat":[1594],"product_tag":[343],"class_list":{"0":"post-20398","1":"product","2":"type-product","3":"status-publish","4":"has-post-thumbnail","6":"product_cat-1594","7":"product_tag-angelbird","9":"first","10":"onbackorder","11":"taxable","12":"shipping-taxable","13":"purchasable","14":"product-type-simple"},"yoast_head":"<!-- This site is optimized with the Yoast SEO plugin v23.1 - https:\/\/yoast.com\/wordpress\/plugins\/seo\/ -->\n<title>SSD WRK XT 2TB - Hannu PRO<\/title>\n<meta name=\"robots\" content=\"index, follow, max-snippet:-1, max-image-preview:large, max-video-preview:-1\" \/>\n<link rel=\"canonical\" href=\"https:\/\/hannu-pro.ee\/en\/toode\/ssd-wrk-xt-2tb\/\" \/>\n<meta property=\"og:locale\" content=\"en_US\" \/>\n<meta property=\"og:type\" content=\"article\" \/>\n<meta property=\"og:title\" content=\"SSD WRK XT 2TB - Hannu PRO\" \/>\n<meta property=\"og:description\" content=\"FEATURES Read speed up to 560 MB\/s Write speed up to 520 MB\/s 1 TB | 2 TB | 4 TB | 8 TB SATA 3.1, 6 Gb\/s Mac | Windows | Linux ESD &amp; overload protection Low power consumption Compatible with any PC or Mac that can host a 2.5&#8243; SSD TRIM support 3-year [&hellip;]\" \/>\n<meta property=\"og:url\" content=\"https:\/\/hannu-pro.ee\/en\/toode\/ssd-wrk-xt-2tb\/\" \/>\n<meta property=\"og:site_name\" content=\"Hannu PRO\" \/>\n<meta property=\"article:modified_time\" content=\"2026-02-25T14:00:35+00:00\" \/>\n<meta property=\"og:image\" content=\"https:\/\/hannu-pro.ee\/wp-content\/uploads\/2021\/02\/gallery-img-WRK-XT-1-lg-HD-2.jpg\" \/>\n\t<meta property=\"og:image:width\" content=\"1000\" \/>\n\t<meta property=\"og:image:height\" content=\"633\" \/>\n\t<meta property=\"og:image:type\" content=\"image\/jpeg\" \/>\n<meta name=\"twitter:card\" content=\"summary_large_image\" \/>\n<meta name=\"twitter:label1\" content=\"Est. reading time\" \/>\n\t<meta name=\"twitter:data1\" content=\"1 minute\" \/>\n<script type=\"application\/ld+json\" class=\"yoast-schema-graph\">{\"@context\":\"https:\/\/schema.org\",\"@graph\":[{\"@type\":\"WebPage\",\"@id\":\"https:\/\/hannu-pro.ee\/en\/toode\/ssd-wrk-xt-2tb\/\",\"url\":\"https:\/\/hannu-pro.ee\/en\/toode\/ssd-wrk-xt-2tb\/\",\"name\":\"SSD WRK XT 2TB - Hannu PRO\",\"isPartOf\":{\"@id\":\"https:\/\/hannu-pro.ee\/en\/#website\"},\"primaryImageOfPage\":{\"@id\":\"https:\/\/hannu-pro.ee\/en\/toode\/ssd-wrk-xt-2tb\/#primaryimage\"},\"image\":{\"@id\":\"https:\/\/hannu-pro.ee\/en\/toode\/ssd-wrk-xt-2tb\/#primaryimage\"},\"thumbnailUrl\":\"https:\/\/hannu-pro.ee\/wp-content\/uploads\/2021\/02\/gallery-img-WRK-XT-1-lg-HD-2.jpg\",\"datePublished\":\"2020-10-29T13:40:24+00:00\",\"dateModified\":\"2026-02-25T14:00:35+00:00\",\"breadcrumb\":{\"@id\":\"https:\/\/hannu-pro.ee\/en\/toode\/ssd-wrk-xt-2tb\/#breadcrumb\"},\"inLanguage\":\"en-US\",\"potentialAction\":[{\"@type\":\"ReadAction\",\"target\":[\"https:\/\/hannu-pro.ee\/en\/toode\/ssd-wrk-xt-2tb\/\"]}]},{\"@type\":\"ImageObject\",\"inLanguage\":\"en-US\",\"@id\":\"https:\/\/hannu-pro.ee\/en\/toode\/ssd-wrk-xt-2tb\/#primaryimage\",\"url\":\"https:\/\/hannu-pro.ee\/wp-content\/uploads\/2021\/02\/gallery-img-WRK-XT-1-lg-HD-2.jpg\",\"contentUrl\":\"https:\/\/hannu-pro.ee\/wp-content\/uploads\/2021\/02\/gallery-img-WRK-XT-1-lg-HD-2.jpg\",\"width\":1000,\"height\":633,\"caption\":\"gallery-img-WRK-XT-1-lg-HD-2\"},{\"@type\":\"BreadcrumbList\",\"@id\":\"https:\/\/hannu-pro.ee\/en\/toode\/ssd-wrk-xt-2tb\/#breadcrumb\",\"itemListElement\":[{\"@type\":\"ListItem\",\"position\":1,\"name\":\"Home\",\"item\":\"https:\/\/hannu-pro.ee\/en\/\"},{\"@type\":\"ListItem\",\"position\":2,\"name\":\"Shop\",\"item\":\"https:\/\/hannu-pro.ee\/en\/shop\/\"},{\"@type\":\"ListItem\",\"position\":3,\"name\":\"SSD WRK XT 2TB\"}]},{\"@type\":\"WebSite\",\"@id\":\"https:\/\/hannu-pro.ee\/en\/#website\",\"url\":\"https:\/\/hannu-pro.ee\/en\/\",\"name\":\"Hannu PRO\",\"description\":\"Professionaalsed video\/audio seadmed\",\"potentialAction\":[{\"@type\":\"SearchAction\",\"target\":{\"@type\":\"EntryPoint\",\"urlTemplate\":\"https:\/\/hannu-pro.ee\/en\/?s={search_term_string}\"},\"query-input\":\"required name=search_term_string\"}],\"inLanguage\":\"en-US\"}]}<\/script>\n<!-- \/ Yoast SEO plugin. -->","yoast_head_json":{"title":"SSD WRK XT 2TB - Hannu PRO","robots":{"index":"index","follow":"follow","max-snippet":"max-snippet:-1","max-image-preview":"max-image-preview:large","max-video-preview":"max-video-preview:-1"},"canonical":"https:\/\/hannu-pro.ee\/en\/toode\/ssd-wrk-xt-2tb\/","og_locale":"en_US","og_type":"article","og_title":"SSD WRK XT 2TB - Hannu PRO","og_description":"FEATURES Read speed up to 560 MB\/s Write speed up to 520 MB\/s 1 TB | 2 TB | 4 TB | 8 TB SATA 3.1, 6 Gb\/s Mac | Windows | Linux ESD &amp; overload protection Low power consumption Compatible with any PC or Mac that can host a 2.5&#8243; SSD TRIM support 3-year [&hellip;]","og_url":"https:\/\/hannu-pro.ee\/en\/toode\/ssd-wrk-xt-2tb\/","og_site_name":"Hannu PRO","article_modified_time":"2026-02-25T14:00:35+00:00","og_image":[{"width":1000,"height":633,"url":"https:\/\/hannu-pro.ee\/wp-content\/uploads\/2021\/02\/gallery-img-WRK-XT-1-lg-HD-2.jpg","type":"image\/jpeg"}],"twitter_card":"summary_large_image","twitter_misc":{"Est. reading time":"1 minute"},"schema":{"@context":"https:\/\/schema.org","@graph":[{"@type":"WebPage","@id":"https:\/\/hannu-pro.ee\/en\/toode\/ssd-wrk-xt-2tb\/","url":"https:\/\/hannu-pro.ee\/en\/toode\/ssd-wrk-xt-2tb\/","name":"SSD WRK XT 2TB - Hannu PRO","isPartOf":{"@id":"https:\/\/hannu-pro.ee\/en\/#website"},"primaryImageOfPage":{"@id":"https:\/\/hannu-pro.ee\/en\/toode\/ssd-wrk-xt-2tb\/#primaryimage"},"image":{"@id":"https:\/\/hannu-pro.ee\/en\/toode\/ssd-wrk-xt-2tb\/#primaryimage"},"thumbnailUrl":"https:\/\/hannu-pro.ee\/wp-content\/uploads\/2021\/02\/gallery-img-WRK-XT-1-lg-HD-2.jpg","datePublished":"2020-10-29T13:40:24+00:00","dateModified":"2026-02-25T14:00:35+00:00","breadcrumb":{"@id":"https:\/\/hannu-pro.ee\/en\/toode\/ssd-wrk-xt-2tb\/#breadcrumb"},"inLanguage":"en-US","potentialAction":[{"@type":"ReadAction","target":["https:\/\/hannu-pro.ee\/en\/toode\/ssd-wrk-xt-2tb\/"]}]},{"@type":"ImageObject","inLanguage":"en-US","@id":"https:\/\/hannu-pro.ee\/en\/toode\/ssd-wrk-xt-2tb\/#primaryimage","url":"https:\/\/hannu-pro.ee\/wp-content\/uploads\/2021\/02\/gallery-img-WRK-XT-1-lg-HD-2.jpg","contentUrl":"https:\/\/hannu-pro.ee\/wp-content\/uploads\/2021\/02\/gallery-img-WRK-XT-1-lg-HD-2.jpg","width":1000,"height":633,"caption":"gallery-img-WRK-XT-1-lg-HD-2"},{"@type":"BreadcrumbList","@id":"https:\/\/hannu-pro.ee\/en\/toode\/ssd-wrk-xt-2tb\/#breadcrumb","itemListElement":[{"@type":"ListItem","position":1,"name":"Home","item":"https:\/\/hannu-pro.ee\/en\/"},{"@type":"ListItem","position":2,"name":"Shop","item":"https:\/\/hannu-pro.ee\/en\/shop\/"},{"@type":"ListItem","position":3,"name":"SSD WRK XT 2TB"}]},{"@type":"WebSite","@id":"https:\/\/hannu-pro.ee\/en\/#website","url":"https:\/\/hannu-pro.ee\/en\/","name":"Hannu PRO","description":"Professionaalsed video\/audio seadmed","potentialAction":[{"@type":"SearchAction","target":{"@type":"EntryPoint","urlTemplate":"https:\/\/hannu-pro.ee\/en\/?s={search_term_string}"},"query-input":"required name=search_term_string"}],"inLanguage":"en-US"}]}},"_links":{"self":[{"href":"https:\/\/hannu-pro.ee\/en\/wp-json\/wp\/v2\/product\/20398"}],"collection":[{"href":"https:\/\/hannu-pro.ee\/en\/wp-json\/wp\/v2\/product"}],"about":[{"href":"https:\/\/hannu-pro.ee\/en\/wp-json\/wp\/v2\/types\/product"}],"wp:featuredmedia":[{"embeddable":true,"href":"https:\/\/hannu-pro.ee\/en\/wp-json\/wp\/v2\/media\/21641"}],"wp:attachment":[{"href":"https:\/\/hannu-pro.ee\/en\/wp-json\/wp\/v2\/media?parent=20398"}],"wp:term":[{"taxonomy":"product_cat","embeddable":true,"href":"https:\/\/hannu-pro.ee\/en\/wp-json\/wp\/v2\/product_cat?post=20398"},{"taxonomy":"product_tag","embeddable":true,"href":"https:\/\/hannu-pro.ee\/en\/wp-json\/wp\/v2\/product_tag?post=20398"}],"curies":[{"name":"wp","href":"https:\/\/api.w.org\/{rel}","templated":true}]}}