{"id":22946,"date":"2021-05-13T15:59:26","date_gmt":"2021-05-13T12:59:26","guid":{"rendered":"https:\/\/hannu-pro.ee\/product\/procab-cdm-380-professional-cable-reel-o-380x-196-mm\/"},"modified":"2026-02-25T15:59:37","modified_gmt":"2026-02-25T13:59:37","slug":"procab-cdm-380-professional-cable-reel-o-380x-196-mm","status":"publish","type":"product","link":"https:\/\/hannu-pro.ee\/en\/toode\/procab-cdm-380-professional-cable-reel-o-380x-196-mm\/","title":{"rendered":"Procab, CDM 380, Professional cable reel \u00d8 380x 196 mm"},"content":{"rendered":"<p><span style=\"font-family: OpenSans-Light;font-size: 16px;text-align: justify\">The CDM380 is a cable reel designed for intensive and professional use constructed using lightweight, extremely strong and impact resistant materials. The frame construction is made of polycarbonate (PC) materials while the drum is made of impact resistant polyethylene (PE). &nbsp; The lightweight construction in combination with the ergonomic grip allows easy carriage for mobile applications. The front side is fitted with an external cable winder allowing easy and clean winding of a patch tail, which can be replaced by a variation of optional center plates with different connector cutouts. (depending on the application). &nbsp; The drum dimension of \u00d8380 mm allows winding of a standard microphone cable (\u00d86.5mm) up to 300 meters.<\/span><\/p>\n","protected":false},"excerpt":{"rendered":"<p>Professional cable reel \u00d8 380x 196 mm. The drum dimension of \u00d8380 mm allows winding of a standard microphone cable (\u00d86.5mm) up to 300 meters.<\/p>\n","protected":false},"featured_media":22944,"template":"","meta":[],"product_cat":[1572],"product_tag":[850],"class_list":{"0":"post-22946","1":"product","2":"type-product","3":"status-publish","4":"has-post-thumbnail","6":"product_cat-1572","7":"product_tag-procab","9":"first","10":"instock","11":"taxable","12":"shipping-taxable","13":"purchasable","14":"product-type-simple"},"yoast_head":"<!-- This site is optimized with the Yoast SEO plugin v23.1 - https:\/\/yoast.com\/wordpress\/plugins\/seo\/ -->\n<title>Procab, CDM 380, Professional cable reel \u00d8 380x 196 mm - Hannu PRO<\/title>\n<meta name=\"robots\" content=\"index, follow, max-snippet:-1, max-image-preview:large, max-video-preview:-1\" \/>\n<link rel=\"canonical\" href=\"https:\/\/hannu-pro.ee\/en\/toode\/procab-cdm-380-professional-cable-reel-o-380x-196-mm\/\" \/>\n<meta property=\"og:locale\" content=\"en_US\" \/>\n<meta property=\"og:type\" content=\"article\" \/>\n<meta property=\"og:title\" content=\"Procab, CDM 380, Professional cable reel \u00d8 380x 196 mm - Hannu PRO\" \/>\n<meta property=\"og:description\" content=\"Professional cable reel \u00d8 380x 196 mm. The drum dimension of \u00d8380 mm allows winding of a standard microphone cable (\u00d86.5mm) up to 300 meters.\" \/>\n<meta property=\"og:url\" content=\"https:\/\/hannu-pro.ee\/en\/toode\/procab-cdm-380-professional-cable-reel-o-380x-196-mm\/\" \/>\n<meta property=\"og:site_name\" content=\"Hannu PRO\" \/>\n<meta property=\"article:modified_time\" content=\"2026-02-25T13:59:37+00:00\" \/>\n<meta property=\"og:image\" content=\"https:\/\/hannu-pro.ee\/wp-content\/uploads\/2021\/05\/CDM380-close-up-2.jpg\" \/>\n\t<meta property=\"og:image:width\" content=\"1000\" \/>\n\t<meta property=\"og:image:height\" content=\"1000\" \/>\n\t<meta property=\"og:image:type\" content=\"image\/jpeg\" \/>\n<meta name=\"twitter:card\" content=\"summary_large_image\" \/>\n<meta name=\"twitter:label1\" content=\"Est. reading time\" \/>\n\t<meta name=\"twitter:data1\" content=\"1 minute\" \/>\n<script type=\"application\/ld+json\" class=\"yoast-schema-graph\">{\"@context\":\"https:\/\/schema.org\",\"@graph\":[{\"@type\":\"WebPage\",\"@id\":\"https:\/\/hannu-pro.ee\/en\/toode\/procab-cdm-380-professional-cable-reel-o-380x-196-mm\/\",\"url\":\"https:\/\/hannu-pro.ee\/en\/toode\/procab-cdm-380-professional-cable-reel-o-380x-196-mm\/\",\"name\":\"Procab, CDM 380, Professional cable reel \u00d8 380x 196 mm - Hannu PRO\",\"isPartOf\":{\"@id\":\"https:\/\/hannu-pro.ee\/en\/#website\"},\"primaryImageOfPage\":{\"@id\":\"https:\/\/hannu-pro.ee\/en\/toode\/procab-cdm-380-professional-cable-reel-o-380x-196-mm\/#primaryimage\"},\"image\":{\"@id\":\"https:\/\/hannu-pro.ee\/en\/toode\/procab-cdm-380-professional-cable-reel-o-380x-196-mm\/#primaryimage\"},\"thumbnailUrl\":\"https:\/\/hannu-pro.ee\/wp-content\/uploads\/2021\/05\/CDM380-close-up-2.jpg\",\"datePublished\":\"2021-05-13T12:59:26+00:00\",\"dateModified\":\"2026-02-25T13:59:37+00:00\",\"breadcrumb\":{\"@id\":\"https:\/\/hannu-pro.ee\/en\/toode\/procab-cdm-380-professional-cable-reel-o-380x-196-mm\/#breadcrumb\"},\"inLanguage\":\"en-US\",\"potentialAction\":[{\"@type\":\"ReadAction\",\"target\":[\"https:\/\/hannu-pro.ee\/en\/toode\/procab-cdm-380-professional-cable-reel-o-380x-196-mm\/\"]}]},{\"@type\":\"ImageObject\",\"inLanguage\":\"en-US\",\"@id\":\"https:\/\/hannu-pro.ee\/en\/toode\/procab-cdm-380-professional-cable-reel-o-380x-196-mm\/#primaryimage\",\"url\":\"https:\/\/hannu-pro.ee\/wp-content\/uploads\/2021\/05\/CDM380-close-up-2.jpg\",\"contentUrl\":\"https:\/\/hannu-pro.ee\/wp-content\/uploads\/2021\/05\/CDM380-close-up-2.jpg\",\"width\":1000,\"height\":1000,\"caption\":\"CDM380-close-up-2\"},{\"@type\":\"BreadcrumbList\",\"@id\":\"https:\/\/hannu-pro.ee\/en\/toode\/procab-cdm-380-professional-cable-reel-o-380x-196-mm\/#breadcrumb\",\"itemListElement\":[{\"@type\":\"ListItem\",\"position\":1,\"name\":\"Home\",\"item\":\"https:\/\/hannu-pro.ee\/en\/\"},{\"@type\":\"ListItem\",\"position\":2,\"name\":\"Shop\",\"item\":\"https:\/\/hannu-pro.ee\/en\/shop\/\"},{\"@type\":\"ListItem\",\"position\":3,\"name\":\"Procab, CDM 380, Professional cable reel \u00d8 380x 196 mm\"}]},{\"@type\":\"WebSite\",\"@id\":\"https:\/\/hannu-pro.ee\/en\/#website\",\"url\":\"https:\/\/hannu-pro.ee\/en\/\",\"name\":\"Hannu PRO\",\"description\":\"Professionaalsed video\/audio seadmed\",\"potentialAction\":[{\"@type\":\"SearchAction\",\"target\":{\"@type\":\"EntryPoint\",\"urlTemplate\":\"https:\/\/hannu-pro.ee\/en\/?s={search_term_string}\"},\"query-input\":\"required name=search_term_string\"}],\"inLanguage\":\"en-US\"}]}<\/script>\n<!-- \/ Yoast SEO plugin. -->","yoast_head_json":{"title":"Procab, CDM 380, Professional cable reel \u00d8 380x 196 mm - Hannu PRO","robots":{"index":"index","follow":"follow","max-snippet":"max-snippet:-1","max-image-preview":"max-image-preview:large","max-video-preview":"max-video-preview:-1"},"canonical":"https:\/\/hannu-pro.ee\/en\/toode\/procab-cdm-380-professional-cable-reel-o-380x-196-mm\/","og_locale":"en_US","og_type":"article","og_title":"Procab, CDM 380, Professional cable reel \u00d8 380x 196 mm - Hannu PRO","og_description":"Professional cable reel \u00d8 380x 196 mm. The drum dimension of \u00d8380 mm allows winding of a standard microphone cable (\u00d86.5mm) up to 300 meters.","og_url":"https:\/\/hannu-pro.ee\/en\/toode\/procab-cdm-380-professional-cable-reel-o-380x-196-mm\/","og_site_name":"Hannu PRO","article_modified_time":"2026-02-25T13:59:37+00:00","og_image":[{"width":1000,"height":1000,"url":"https:\/\/hannu-pro.ee\/wp-content\/uploads\/2021\/05\/CDM380-close-up-2.jpg","type":"image\/jpeg"}],"twitter_card":"summary_large_image","twitter_misc":{"Est. reading time":"1 minute"},"schema":{"@context":"https:\/\/schema.org","@graph":[{"@type":"WebPage","@id":"https:\/\/hannu-pro.ee\/en\/toode\/procab-cdm-380-professional-cable-reel-o-380x-196-mm\/","url":"https:\/\/hannu-pro.ee\/en\/toode\/procab-cdm-380-professional-cable-reel-o-380x-196-mm\/","name":"Procab, CDM 380, Professional cable reel \u00d8 380x 196 mm - Hannu PRO","isPartOf":{"@id":"https:\/\/hannu-pro.ee\/en\/#website"},"primaryImageOfPage":{"@id":"https:\/\/hannu-pro.ee\/en\/toode\/procab-cdm-380-professional-cable-reel-o-380x-196-mm\/#primaryimage"},"image":{"@id":"https:\/\/hannu-pro.ee\/en\/toode\/procab-cdm-380-professional-cable-reel-o-380x-196-mm\/#primaryimage"},"thumbnailUrl":"https:\/\/hannu-pro.ee\/wp-content\/uploads\/2021\/05\/CDM380-close-up-2.jpg","datePublished":"2021-05-13T12:59:26+00:00","dateModified":"2026-02-25T13:59:37+00:00","breadcrumb":{"@id":"https:\/\/hannu-pro.ee\/en\/toode\/procab-cdm-380-professional-cable-reel-o-380x-196-mm\/#breadcrumb"},"inLanguage":"en-US","potentialAction":[{"@type":"ReadAction","target":["https:\/\/hannu-pro.ee\/en\/toode\/procab-cdm-380-professional-cable-reel-o-380x-196-mm\/"]}]},{"@type":"ImageObject","inLanguage":"en-US","@id":"https:\/\/hannu-pro.ee\/en\/toode\/procab-cdm-380-professional-cable-reel-o-380x-196-mm\/#primaryimage","url":"https:\/\/hannu-pro.ee\/wp-content\/uploads\/2021\/05\/CDM380-close-up-2.jpg","contentUrl":"https:\/\/hannu-pro.ee\/wp-content\/uploads\/2021\/05\/CDM380-close-up-2.jpg","width":1000,"height":1000,"caption":"CDM380-close-up-2"},{"@type":"BreadcrumbList","@id":"https:\/\/hannu-pro.ee\/en\/toode\/procab-cdm-380-professional-cable-reel-o-380x-196-mm\/#breadcrumb","itemListElement":[{"@type":"ListItem","position":1,"name":"Home","item":"https:\/\/hannu-pro.ee\/en\/"},{"@type":"ListItem","position":2,"name":"Shop","item":"https:\/\/hannu-pro.ee\/en\/shop\/"},{"@type":"ListItem","position":3,"name":"Procab, CDM 380, Professional cable reel \u00d8 380x 196 mm"}]},{"@type":"WebSite","@id":"https:\/\/hannu-pro.ee\/en\/#website","url":"https:\/\/hannu-pro.ee\/en\/","name":"Hannu PRO","description":"Professionaalsed video\/audio seadmed","potentialAction":[{"@type":"SearchAction","target":{"@type":"EntryPoint","urlTemplate":"https:\/\/hannu-pro.ee\/en\/?s={search_term_string}"},"query-input":"required name=search_term_string"}],"inLanguage":"en-US"}]}},"_links":{"self":[{"href":"https:\/\/hannu-pro.ee\/en\/wp-json\/wp\/v2\/product\/22946"}],"collection":[{"href":"https:\/\/hannu-pro.ee\/en\/wp-json\/wp\/v2\/product"}],"about":[{"href":"https:\/\/hannu-pro.ee\/en\/wp-json\/wp\/v2\/types\/product"}],"wp:featuredmedia":[{"embeddable":true,"href":"https:\/\/hannu-pro.ee\/en\/wp-json\/wp\/v2\/media\/22944"}],"wp:attachment":[{"href":"https:\/\/hannu-pro.ee\/en\/wp-json\/wp\/v2\/media?parent=22946"}],"wp:term":[{"taxonomy":"product_cat","embeddable":true,"href":"https:\/\/hannu-pro.ee\/en\/wp-json\/wp\/v2\/product_cat?post=22946"},{"taxonomy":"product_tag","embeddable":true,"href":"https:\/\/hannu-pro.ee\/en\/wp-json\/wp\/v2\/product_tag?post=22946"}],"curies":[{"name":"wp","href":"https:\/\/api.w.org\/{rel}","templated":true}]}}