{"id":24619,"date":"2021-09-16T12:15:08","date_gmt":"2021-09-16T09:15:08","guid":{"rendered":"https:\/\/hannu-pro.ee\/product\/audac-slm200-helirohu-mootja\/"},"modified":"2026-02-25T15:59:41","modified_gmt":"2026-02-25T13:59:41","slug":"audac-slm200-helirohu-mootja","status":"publish","type":"product","link":"https:\/\/hannu-pro.ee\/en\/toode\/audac-slm200-helirohu-mootja\/","title":{"rendered":"Audac SLM200 Helir\u00f5hu m\u00f5\u00f5tja"},"content":{"rendered":"","protected":false},"excerpt":{"rendered":"<p style=\"text-align: justify\">With the SLM200 we developed a stable, safe and reliable way to measure environmental noise levels. This compact digital sound meter has been perfected to achieve highly accurate measurements in a cost-effective, tightly packed measuring instrument. We envisioned a clever and ergonomic tool, accessible when needed. That\u2019s why the SLM200\u2019s convenient design is densely loaded with all the features of similar bigger devices.<\/p>\n<p style=\"text-align: justify\">The SLM200 is an exceptionally versatile tool which is convenient in a wide range of applications. Engineering, product quality control and health monitoring are only a handful of implementations where the SLM200 is the appropriate tool. Applications are endless, the SLM200 suits any environment where accurate noise measuring is necessary.<\/p>\n","protected":false},"featured_media":0,"template":"","meta":[],"product_cat":[1571],"product_tag":[124],"class_list":{"0":"post-24619","1":"product","2":"type-product","3":"status-publish","5":"product_cat-1571","6":"product_tag-audac","8":"first","9":"onbackorder","10":"taxable","11":"shipping-taxable","12":"purchasable","13":"product-type-simple"},"yoast_head":"<!-- This site is optimized with the Yoast SEO plugin v23.1 - https:\/\/yoast.com\/wordpress\/plugins\/seo\/ -->\n<title>Audac SLM200 Helir\u00f5hu m\u00f5\u00f5tja - Hannu PRO<\/title>\n<meta name=\"robots\" content=\"index, follow, max-snippet:-1, max-image-preview:large, max-video-preview:-1\" \/>\n<link rel=\"canonical\" href=\"https:\/\/hannu-pro.ee\/en\/toode\/audac-slm200-helirohu-mootja\/\" \/>\n<meta property=\"og:locale\" content=\"en_US\" \/>\n<meta property=\"og:type\" content=\"article\" \/>\n<meta property=\"og:title\" content=\"Audac SLM200 Helir\u00f5hu m\u00f5\u00f5tja - Hannu PRO\" \/>\n<meta property=\"og:description\" content=\"With the SLM200 we developed a stable, safe and reliable way to measure environmental noise levels. This compact digital sound meter has been perfected to achieve highly accurate measurements in a cost-effective, tightly packed measuring instrument. We envisioned a clever and ergonomic tool, accessible when needed. That\u2019s why the SLM200\u2019s convenient design is densely loaded with all the features of similar bigger devices. The SLM200 is an exceptionally versatile tool which is convenient in a wide range of applications. Engineering, product quality control and health monitoring are only a handful of implementations where the SLM200 is the appropriate tool. Applications are endless, the SLM200 suits any environment where accurate noise measuring is necessary.\" \/>\n<meta property=\"og:url\" content=\"https:\/\/hannu-pro.ee\/en\/toode\/audac-slm200-helirohu-mootja\/\" \/>\n<meta property=\"og:site_name\" content=\"Hannu PRO\" \/>\n<meta property=\"article:modified_time\" content=\"2026-02-25T13:59:41+00:00\" \/>\n<meta name=\"twitter:card\" content=\"summary_large_image\" \/>\n<script type=\"application\/ld+json\" class=\"yoast-schema-graph\">{\"@context\":\"https:\/\/schema.org\",\"@graph\":[{\"@type\":\"WebPage\",\"@id\":\"https:\/\/hannu-pro.ee\/en\/toode\/audac-slm200-helirohu-mootja\/\",\"url\":\"https:\/\/hannu-pro.ee\/en\/toode\/audac-slm200-helirohu-mootja\/\",\"name\":\"Audac SLM200 Helir\u00f5hu m\u00f5\u00f5tja - Hannu PRO\",\"isPartOf\":{\"@id\":\"https:\/\/hannu-pro.ee\/en\/#website\"},\"datePublished\":\"2021-09-16T09:15:08+00:00\",\"dateModified\":\"2026-02-25T13:59:41+00:00\",\"breadcrumb\":{\"@id\":\"https:\/\/hannu-pro.ee\/en\/toode\/audac-slm200-helirohu-mootja\/#breadcrumb\"},\"inLanguage\":\"en-US\",\"potentialAction\":[{\"@type\":\"ReadAction\",\"target\":[\"https:\/\/hannu-pro.ee\/en\/toode\/audac-slm200-helirohu-mootja\/\"]}]},{\"@type\":\"BreadcrumbList\",\"@id\":\"https:\/\/hannu-pro.ee\/en\/toode\/audac-slm200-helirohu-mootja\/#breadcrumb\",\"itemListElement\":[{\"@type\":\"ListItem\",\"position\":1,\"name\":\"Home\",\"item\":\"https:\/\/hannu-pro.ee\/en\/\"},{\"@type\":\"ListItem\",\"position\":2,\"name\":\"Shop\",\"item\":\"https:\/\/hannu-pro.ee\/en\/shop\/\"},{\"@type\":\"ListItem\",\"position\":3,\"name\":\"Audac SLM200 Helir\u00f5hu m\u00f5\u00f5tja\"}]},{\"@type\":\"WebSite\",\"@id\":\"https:\/\/hannu-pro.ee\/en\/#website\",\"url\":\"https:\/\/hannu-pro.ee\/en\/\",\"name\":\"Hannu PRO\",\"description\":\"Professionaalsed video\/audio seadmed\",\"potentialAction\":[{\"@type\":\"SearchAction\",\"target\":{\"@type\":\"EntryPoint\",\"urlTemplate\":\"https:\/\/hannu-pro.ee\/en\/?s={search_term_string}\"},\"query-input\":\"required name=search_term_string\"}],\"inLanguage\":\"en-US\"}]}<\/script>\n<!-- \/ Yoast SEO plugin. -->","yoast_head_json":{"title":"Audac SLM200 Helir\u00f5hu m\u00f5\u00f5tja - Hannu PRO","robots":{"index":"index","follow":"follow","max-snippet":"max-snippet:-1","max-image-preview":"max-image-preview:large","max-video-preview":"max-video-preview:-1"},"canonical":"https:\/\/hannu-pro.ee\/en\/toode\/audac-slm200-helirohu-mootja\/","og_locale":"en_US","og_type":"article","og_title":"Audac SLM200 Helir\u00f5hu m\u00f5\u00f5tja - Hannu PRO","og_description":"With the SLM200 we developed a stable, safe and reliable way to measure environmental noise levels. This compact digital sound meter has been perfected to achieve highly accurate measurements in a cost-effective, tightly packed measuring instrument. We envisioned a clever and ergonomic tool, accessible when needed. That\u2019s why the SLM200\u2019s convenient design is densely loaded with all the features of similar bigger devices. The SLM200 is an exceptionally versatile tool which is convenient in a wide range of applications. Engineering, product quality control and health monitoring are only a handful of implementations where the SLM200 is the appropriate tool. Applications are endless, the SLM200 suits any environment where accurate noise measuring is necessary.","og_url":"https:\/\/hannu-pro.ee\/en\/toode\/audac-slm200-helirohu-mootja\/","og_site_name":"Hannu PRO","article_modified_time":"2026-02-25T13:59:41+00:00","twitter_card":"summary_large_image","schema":{"@context":"https:\/\/schema.org","@graph":[{"@type":"WebPage","@id":"https:\/\/hannu-pro.ee\/en\/toode\/audac-slm200-helirohu-mootja\/","url":"https:\/\/hannu-pro.ee\/en\/toode\/audac-slm200-helirohu-mootja\/","name":"Audac SLM200 Helir\u00f5hu m\u00f5\u00f5tja - Hannu PRO","isPartOf":{"@id":"https:\/\/hannu-pro.ee\/en\/#website"},"datePublished":"2021-09-16T09:15:08+00:00","dateModified":"2026-02-25T13:59:41+00:00","breadcrumb":{"@id":"https:\/\/hannu-pro.ee\/en\/toode\/audac-slm200-helirohu-mootja\/#breadcrumb"},"inLanguage":"en-US","potentialAction":[{"@type":"ReadAction","target":["https:\/\/hannu-pro.ee\/en\/toode\/audac-slm200-helirohu-mootja\/"]}]},{"@type":"BreadcrumbList","@id":"https:\/\/hannu-pro.ee\/en\/toode\/audac-slm200-helirohu-mootja\/#breadcrumb","itemListElement":[{"@type":"ListItem","position":1,"name":"Home","item":"https:\/\/hannu-pro.ee\/en\/"},{"@type":"ListItem","position":2,"name":"Shop","item":"https:\/\/hannu-pro.ee\/en\/shop\/"},{"@type":"ListItem","position":3,"name":"Audac SLM200 Helir\u00f5hu m\u00f5\u00f5tja"}]},{"@type":"WebSite","@id":"https:\/\/hannu-pro.ee\/en\/#website","url":"https:\/\/hannu-pro.ee\/en\/","name":"Hannu PRO","description":"Professionaalsed video\/audio seadmed","potentialAction":[{"@type":"SearchAction","target":{"@type":"EntryPoint","urlTemplate":"https:\/\/hannu-pro.ee\/en\/?s={search_term_string}"},"query-input":"required name=search_term_string"}],"inLanguage":"en-US"}]}},"_links":{"self":[{"href":"https:\/\/hannu-pro.ee\/en\/wp-json\/wp\/v2\/product\/24619"}],"collection":[{"href":"https:\/\/hannu-pro.ee\/en\/wp-json\/wp\/v2\/product"}],"about":[{"href":"https:\/\/hannu-pro.ee\/en\/wp-json\/wp\/v2\/types\/product"}],"wp:attachment":[{"href":"https:\/\/hannu-pro.ee\/en\/wp-json\/wp\/v2\/media?parent=24619"}],"wp:term":[{"taxonomy":"product_cat","embeddable":true,"href":"https:\/\/hannu-pro.ee\/en\/wp-json\/wp\/v2\/product_cat?post=24619"},{"taxonomy":"product_tag","embeddable":true,"href":"https:\/\/hannu-pro.ee\/en\/wp-json\/wp\/v2\/product_tag?post=24619"}],"curies":[{"name":"wp","href":"https:\/\/api.w.org\/{rel}","templated":true}]}}