{"id":24630,"date":"2021-09-16T12:15:09","date_gmt":"2021-09-16T09:15:09","guid":{"rendered":"https:\/\/hannu-pro.ee\/product\/audac-slc346-helirohumootja-kalibraator\/"},"modified":"2026-02-25T16:00:55","modified_gmt":"2026-02-25T14:00:55","slug":"audac-slc346-helirohumootja-kalibraator","status":"publish","type":"product","link":"https:\/\/hannu-pro.ee\/en\/toode\/audac-slc346-helirohumootja-kalibraator\/","title":{"rendered":"Audac SLC346 Helir\u00f5hum\u00f5\u00f5tja kalibraator"},"content":{"rendered":"","protected":false},"excerpt":{"rendered":"<p style=\"text-align: justify\">The SLC346 is a Sound Level Calibrator device which can be used to calibrate the AUDAC SLM700 or any other Sound Level Meter, or can be used as a reference for any other sound calibrations. Because of regulations, the sound level should be monitored at many different locations to prevent ear damage and noise nuisance. To make sure the measurements are reliable,the accuracy of the sound level meters should be regularly verified. The AUDAC SLC336 Sound Level Calibrator is the perfect companion for this job. It is easy to operate, provides two different sound levels (94 dB and 114 dB) at a frequency of 1 kHz and can be used to calibrate all kinds of sound measurement devices. For example, the testing of paging microphones, &#8230; It features a standard opening for 1\u201d microphones, and comes with an \u00bd\u201d microphone adapter. The SLC346 is supplied with: &#8211; Soft carrying bag &#8211; \u00bd\u201d microphone adapter &#8211; 9V battery<\/p>\n","protected":false},"featured_media":0,"template":"","meta":[],"product_cat":[1571],"product_tag":[124],"class_list":{"0":"post-24630","1":"product","2":"type-product","3":"status-publish","5":"product_cat-1571","6":"product_tag-audac","8":"first","9":"onbackorder","10":"taxable","11":"shipping-taxable","12":"purchasable","13":"product-type-simple"},"yoast_head":"<!-- This site is optimized with the Yoast SEO plugin v23.1 - https:\/\/yoast.com\/wordpress\/plugins\/seo\/ -->\n<title>Audac SLC346 Helir\u00f5hum\u00f5\u00f5tja kalibraator - Hannu PRO<\/title>\n<meta name=\"robots\" content=\"index, follow, max-snippet:-1, max-image-preview:large, max-video-preview:-1\" \/>\n<link rel=\"canonical\" href=\"https:\/\/hannu-pro.ee\/en\/toode\/audac-slc346-helirohumootja-kalibraator\/\" \/>\n<meta property=\"og:locale\" content=\"en_US\" \/>\n<meta property=\"og:type\" content=\"article\" \/>\n<meta property=\"og:title\" content=\"Audac SLC346 Helir\u00f5hum\u00f5\u00f5tja kalibraator - Hannu PRO\" \/>\n<meta property=\"og:description\" content=\"The SLC346 is a Sound Level Calibrator device which can be used to calibrate the AUDAC SLM700 or any other Sound Level Meter, or can be used as a reference for any other sound calibrations. Because of regulations, the sound level should be monitored at many different locations to prevent ear damage and noise nuisance. To make sure the measurements are reliable,the accuracy of the sound level meters should be regularly verified. The AUDAC SLC336 Sound Level Calibrator is the perfect companion for this job. It is easy to operate, provides two different sound levels (94 dB and 114 dB) at a frequency of 1 kHz and can be used to calibrate all kinds of sound measurement devices. For example, the testing of paging microphones, ... It features a standard opening for 1\u201d microphones, and comes with an \u00bd\u201d microphone adapter. The SLC346 is supplied with: - Soft carrying bag - \u00bd\u201d microphone adapter - 9V battery\" \/>\n<meta property=\"og:url\" content=\"https:\/\/hannu-pro.ee\/en\/toode\/audac-slc346-helirohumootja-kalibraator\/\" \/>\n<meta property=\"og:site_name\" content=\"Hannu PRO\" \/>\n<meta property=\"article:modified_time\" content=\"2026-02-25T14:00:55+00:00\" \/>\n<meta name=\"twitter:card\" content=\"summary_large_image\" \/>\n<script type=\"application\/ld+json\" class=\"yoast-schema-graph\">{\"@context\":\"https:\/\/schema.org\",\"@graph\":[{\"@type\":\"WebPage\",\"@id\":\"https:\/\/hannu-pro.ee\/en\/toode\/audac-slc346-helirohumootja-kalibraator\/\",\"url\":\"https:\/\/hannu-pro.ee\/en\/toode\/audac-slc346-helirohumootja-kalibraator\/\",\"name\":\"Audac SLC346 Helir\u00f5hum\u00f5\u00f5tja kalibraator - Hannu PRO\",\"isPartOf\":{\"@id\":\"https:\/\/hannu-pro.ee\/en\/#website\"},\"datePublished\":\"2021-09-16T09:15:09+00:00\",\"dateModified\":\"2026-02-25T14:00:55+00:00\",\"breadcrumb\":{\"@id\":\"https:\/\/hannu-pro.ee\/en\/toode\/audac-slc346-helirohumootja-kalibraator\/#breadcrumb\"},\"inLanguage\":\"en-US\",\"potentialAction\":[{\"@type\":\"ReadAction\",\"target\":[\"https:\/\/hannu-pro.ee\/en\/toode\/audac-slc346-helirohumootja-kalibraator\/\"]}]},{\"@type\":\"BreadcrumbList\",\"@id\":\"https:\/\/hannu-pro.ee\/en\/toode\/audac-slc346-helirohumootja-kalibraator\/#breadcrumb\",\"itemListElement\":[{\"@type\":\"ListItem\",\"position\":1,\"name\":\"Home\",\"item\":\"https:\/\/hannu-pro.ee\/en\/\"},{\"@type\":\"ListItem\",\"position\":2,\"name\":\"Shop\",\"item\":\"https:\/\/hannu-pro.ee\/en\/shop\/\"},{\"@type\":\"ListItem\",\"position\":3,\"name\":\"Audac SLC346 Helir\u00f5hum\u00f5\u00f5tja kalibraator\"}]},{\"@type\":\"WebSite\",\"@id\":\"https:\/\/hannu-pro.ee\/en\/#website\",\"url\":\"https:\/\/hannu-pro.ee\/en\/\",\"name\":\"Hannu PRO\",\"description\":\"Professionaalsed video\/audio seadmed\",\"potentialAction\":[{\"@type\":\"SearchAction\",\"target\":{\"@type\":\"EntryPoint\",\"urlTemplate\":\"https:\/\/hannu-pro.ee\/en\/?s={search_term_string}\"},\"query-input\":\"required name=search_term_string\"}],\"inLanguage\":\"en-US\"}]}<\/script>\n<!-- \/ Yoast SEO plugin. -->","yoast_head_json":{"title":"Audac SLC346 Helir\u00f5hum\u00f5\u00f5tja kalibraator - Hannu PRO","robots":{"index":"index","follow":"follow","max-snippet":"max-snippet:-1","max-image-preview":"max-image-preview:large","max-video-preview":"max-video-preview:-1"},"canonical":"https:\/\/hannu-pro.ee\/en\/toode\/audac-slc346-helirohumootja-kalibraator\/","og_locale":"en_US","og_type":"article","og_title":"Audac SLC346 Helir\u00f5hum\u00f5\u00f5tja kalibraator - Hannu PRO","og_description":"The SLC346 is a Sound Level Calibrator device which can be used to calibrate the AUDAC SLM700 or any other Sound Level Meter, or can be used as a reference for any other sound calibrations. Because of regulations, the sound level should be monitored at many different locations to prevent ear damage and noise nuisance. To make sure the measurements are reliable,the accuracy of the sound level meters should be regularly verified. The AUDAC SLC336 Sound Level Calibrator is the perfect companion for this job. It is easy to operate, provides two different sound levels (94 dB and 114 dB) at a frequency of 1 kHz and can be used to calibrate all kinds of sound measurement devices. For example, the testing of paging microphones, ... It features a standard opening for 1\u201d microphones, and comes with an \u00bd\u201d microphone adapter. The SLC346 is supplied with: - Soft carrying bag - \u00bd\u201d microphone adapter - 9V battery","og_url":"https:\/\/hannu-pro.ee\/en\/toode\/audac-slc346-helirohumootja-kalibraator\/","og_site_name":"Hannu PRO","article_modified_time":"2026-02-25T14:00:55+00:00","twitter_card":"summary_large_image","schema":{"@context":"https:\/\/schema.org","@graph":[{"@type":"WebPage","@id":"https:\/\/hannu-pro.ee\/en\/toode\/audac-slc346-helirohumootja-kalibraator\/","url":"https:\/\/hannu-pro.ee\/en\/toode\/audac-slc346-helirohumootja-kalibraator\/","name":"Audac SLC346 Helir\u00f5hum\u00f5\u00f5tja kalibraator - Hannu PRO","isPartOf":{"@id":"https:\/\/hannu-pro.ee\/en\/#website"},"datePublished":"2021-09-16T09:15:09+00:00","dateModified":"2026-02-25T14:00:55+00:00","breadcrumb":{"@id":"https:\/\/hannu-pro.ee\/en\/toode\/audac-slc346-helirohumootja-kalibraator\/#breadcrumb"},"inLanguage":"en-US","potentialAction":[{"@type":"ReadAction","target":["https:\/\/hannu-pro.ee\/en\/toode\/audac-slc346-helirohumootja-kalibraator\/"]}]},{"@type":"BreadcrumbList","@id":"https:\/\/hannu-pro.ee\/en\/toode\/audac-slc346-helirohumootja-kalibraator\/#breadcrumb","itemListElement":[{"@type":"ListItem","position":1,"name":"Home","item":"https:\/\/hannu-pro.ee\/en\/"},{"@type":"ListItem","position":2,"name":"Shop","item":"https:\/\/hannu-pro.ee\/en\/shop\/"},{"@type":"ListItem","position":3,"name":"Audac SLC346 Helir\u00f5hum\u00f5\u00f5tja kalibraator"}]},{"@type":"WebSite","@id":"https:\/\/hannu-pro.ee\/en\/#website","url":"https:\/\/hannu-pro.ee\/en\/","name":"Hannu PRO","description":"Professionaalsed video\/audio seadmed","potentialAction":[{"@type":"SearchAction","target":{"@type":"EntryPoint","urlTemplate":"https:\/\/hannu-pro.ee\/en\/?s={search_term_string}"},"query-input":"required name=search_term_string"}],"inLanguage":"en-US"}]}},"_links":{"self":[{"href":"https:\/\/hannu-pro.ee\/en\/wp-json\/wp\/v2\/product\/24630"}],"collection":[{"href":"https:\/\/hannu-pro.ee\/en\/wp-json\/wp\/v2\/product"}],"about":[{"href":"https:\/\/hannu-pro.ee\/en\/wp-json\/wp\/v2\/types\/product"}],"wp:attachment":[{"href":"https:\/\/hannu-pro.ee\/en\/wp-json\/wp\/v2\/media?parent=24630"}],"wp:term":[{"taxonomy":"product_cat","embeddable":true,"href":"https:\/\/hannu-pro.ee\/en\/wp-json\/wp\/v2\/product_cat?post=24630"},{"taxonomy":"product_tag","embeddable":true,"href":"https:\/\/hannu-pro.ee\/en\/wp-json\/wp\/v2\/product_tag?post=24630"}],"curies":[{"name":"wp","href":"https:\/\/api.w.org\/{rel}","templated":true}]}}