{"id":24960,"date":"2021-09-16T12:15:48","date_gmt":"2021-09-16T09:15:48","guid":{"rendered":"https:\/\/hannu-pro.ee\/product\/audac-amp20mk2-mini-stereo-voimendi\/"},"modified":"2026-02-25T15:59:15","modified_gmt":"2026-02-25T13:59:15","slug":"audac-amp20mk2-mini-stereo-voimendi","status":"publish","type":"product","link":"https:\/\/hannu-pro.ee\/en\/toode\/audac-amp20mk2-mini-stereo-voimendi\/","title":{"rendered":"Audac AMP20MK2 Mini stereo v\u00f5imendi"},"content":{"rendered":"<div><span style=\"font-size:18px\"><span style=\"font-family: OpenSans-Light;text-align: justify\">The AMP20 is a mini stereo power amplifier with a power rating of 2 x 15 Watt, that lends itself perfectly to small speaker systems requiring compact and economical audio solutions. It offers the ideal solution for applications such as class rooms, offices and meeting rooms where only a small amount of speakers are required. The compact size and very high efficiency makes it perfectly suited to be hidden in a closet, on a false ceiling or mounted under a desk or table. The combination of the stereo balanced line, with microphone input, makes it perfectly suited for applications where it should be used in combination with projection screens and video sources while a microphone is connected. Two gain potentiometers make it possible to control the sensitivity and balance between music and speech, while a switch allows bridging of the output channels to obtain one channel with merged output power. A remote wall mixer can be connected for applications where local mixing for the inputs is desirable, while large distances can be covered between the source and amplifier using simple CAT5 twisted pair cabling. The volume controller input allows connection of an additional wall controller for overall volume control. The Class-D amplifier technology, standby mode and included switching power supply makes this device compliant to the highest energy efficiency and environmental requirements. A variety of optionally available mounting brackets for the AUDAC S-Box product range are allowing desk, closet or 19\u201d equipment rack installation.<\/span><\/span><\/div>\n<p>&nbsp;<\/p>\n<table class=\"table table-responsive-sm table-striped\" style=\"border-collapse: collapse;font-family: OpenSans-Light;width: 1150.34px;max-width: 100%;margin-bottom: 1rem;font-size: 20px\">\n<thead>\n<tr>\n<th colspan=\"5\" style=\"text-align: inherit;padding: 0.75rem;vertical-align: bottom\">\n<p>System specifications<\/p>\n<\/th>\n<\/tr>\n<\/thead>\n<tbody>\n<tr>\n<td style=\"padding: 0.75rem;vertical-align: top\">RMS Power<\/td>\n<td colspan=\"2\" style=\"padding: 0.75rem;vertical-align: top\">@ 4 \u2126 Stereo<\/td>\n<td style=\"padding: 0.75rem;vertical-align: top\">2 x 15 W<\/td>\n<\/tr>\n<tr>\n<td style=\"padding: 0.75rem;vertical-align: top\">&nbsp;<\/td>\n<td colspan=\"2\" style=\"padding: 0.75rem;vertical-align: top\">@ 8 \u2126 Stereo<\/td>\n<td style=\"padding: 0.75rem;vertical-align: top\">2 x 7.5 W<\/td>\n<\/tr>\n<tr>\n<td style=\"padding: 0.75rem;vertical-align: top\">&nbsp;<\/td>\n<td colspan=\"2\" style=\"padding: 0.75rem;vertical-align: top\">@ 8 \u2126 Bridge<\/td>\n<td style=\"padding: 0.75rem;vertical-align: top\">30 W<\/td>\n<\/tr>\n<tr>\n<td style=\"padding: 0.75rem;vertical-align: top\">Inputs<\/td>\n<td style=\"padding: 0.75rem;vertical-align: top\">Balanced Stereo<\/td>\n<td colspan=\"1\" style=\"padding: 0.75rem;vertical-align: top\">Type<\/td>\n<td style=\"padding: 0.75rem;vertical-align: top\">1 x Stereo Balanced Line<\/td>\n<\/tr>\n<tr>\n<td style=\"padding: 0.75rem;vertical-align: top\">&nbsp;<\/td>\n<td style=\"padding: 0.75rem;vertical-align: top\">&nbsp;<\/td>\n<td colspan=\"1\" style=\"padding: 0.75rem;vertical-align: top\">Connector<\/td>\n<td style=\"padding: 0.75rem;vertical-align: top\">2 x 3-pin Euro Terminal Block (Pitch &#8211; 3.81 mm)<\/td>\n<\/tr>\n<tr>\n<td style=\"padding: 0.75rem;vertical-align: top\">&nbsp;<\/td>\n<td style=\"padding: 0.75rem;vertical-align: top\">&nbsp;<\/td>\n<td colspan=\"1\" style=\"padding: 0.75rem;vertical-align: top\">Impedance<\/td>\n<td style=\"padding: 0.75rem;vertical-align: top\">20 k\u2126<\/td>\n<\/tr>\n<tr>\n<td style=\"padding: 0.75rem;vertical-align: top\">&nbsp;<\/td>\n<td style=\"padding: 0.75rem;vertical-align: top\">&nbsp;<\/td>\n<td colspan=\"1\" style=\"padding: 0.75rem;vertical-align: top\">Sensitivity (1W\/1m)<\/td>\n<td style=\"padding: 0.75rem;vertical-align: top\">-12 dBV ~ +12 dBV<\/td>\n<\/tr>\n<tr>\n<td style=\"padding: 0.75rem;vertical-align: top\">&nbsp;<\/td>\n<td style=\"padding: 0.75rem;vertical-align: top\">Balanced Microphone<\/td>\n<td colspan=\"1\" style=\"padding: 0.75rem;vertical-align: top\">Type<\/td>\n<td style=\"padding: 0.75rem;vertical-align: top\">1 x Balanced Microphone<\/td>\n<\/tr>\n<tr>\n<td style=\"padding: 0.75rem;vertical-align: top\">&nbsp;<\/td>\n<td style=\"padding: 0.75rem;vertical-align: top\">&nbsp;<\/td>\n<td colspan=\"1\" style=\"padding: 0.75rem;vertical-align: top\">Connector<\/td>\n<td style=\"padding: 0.75rem;vertical-align: top\">3-pin Euro Terminal Block (Pitch &#8211; 3.81 mm)<\/td>\n<\/tr>\n<tr>\n<td style=\"padding: 0.75rem;vertical-align: top\">&nbsp;<\/td>\n<td style=\"padding: 0.75rem;vertical-align: top\">&nbsp;<\/td>\n<td colspan=\"1\" style=\"padding: 0.75rem;vertical-align: top\">Impedance<\/td>\n<td style=\"padding: 0.75rem;vertical-align: top\">47 k\u2126<\/td>\n<\/tr>\n<tr>\n<td style=\"padding: 0.75rem;vertical-align: top\">&nbsp;<\/td>\n<td style=\"padding: 0.75rem;vertical-align: top\">&nbsp;<\/td>\n<td colspan=\"1\" style=\"padding: 0.75rem;vertical-align: top\">Sensitivity (1W\/1m)<\/td>\n<td style=\"padding: 0.75rem;vertical-align: top\">-50 dBV ~ -18 dBV<\/td>\n<\/tr>\n<tr>\n<td style=\"padding: 0.75rem;vertical-align: top\">&nbsp;<\/td>\n<td style=\"padding: 0.75rem;vertical-align: top\">Other<\/td>\n<td colspan=\"1\" style=\"padding: 0.75rem;vertical-align: top\">Connector<\/td>\n<td style=\"padding: 0.75rem;vertical-align: top\">RJ45<\/td>\n<\/tr>\n<tr>\n<td style=\"padding: 0.75rem;vertical-align: top\">&nbsp;<\/td>\n<td style=\"padding: 0.75rem;vertical-align: top\">&nbsp;<\/td>\n<td colspan=\"1\" style=\"padding: 0.75rem;vertical-align: top\">Type<\/td>\n<td style=\"padding: 0.75rem;vertical-align: top\">1 x Remote Volume controller<\/td>\n<\/tr>\n<tr>\n<td style=\"padding: 0.75rem;vertical-align: top\">&nbsp;<\/td>\n<td style=\"padding: 0.75rem;vertical-align: top\">&nbsp;<\/td>\n<td colspan=\"1\" style=\"padding: 0.75rem;vertical-align: top\">Connector<\/td>\n<td style=\"padding: 0.75rem;vertical-align: top\">RJ45<\/td>\n<\/tr>\n<tr>\n<td style=\"padding: 0.75rem;vertical-align: top\">Outputs<\/td>\n<td colspan=\"2\" style=\"padding: 0.75rem;vertical-align: top\">Type<\/td>\n<td style=\"padding: 0.75rem;vertical-align: top\">1 x Stereo Loudspeaker<\/td>\n<\/tr>\n<tr>\n<td style=\"padding: 0.75rem;vertical-align: top\">&nbsp;<\/td>\n<td colspan=\"2\" style=\"padding: 0.75rem;vertical-align: top\">Connector<\/td>\n<td style=\"padding: 0.75rem;vertical-align: top\">4-pin Euro Terminal Block (Pitch &#8211; 5.08 mm)<\/td>\n<\/tr>\n<tr>\n<td colspan=\"3\" style=\"padding: 0.75rem;vertical-align: top\">THD+N (@ 1 kHz)<\/td>\n<td style=\"padding: 0.75rem;vertical-align: top\">&lt; 0.1%<\/td>\n<\/tr>\n<tr>\n<td colspan=\"3\" style=\"padding: 0.75rem;vertical-align: top\">Crosstalk (@ 1 kHz)<\/td>\n<td style=\"padding: 0.75rem;vertical-align: top\">&lt; -75 dB<\/td>\n<\/tr>\n<tr>\n<td colspan=\"3\" style=\"padding: 0.75rem;vertical-align: top\">Signal \/ Noise<\/td>\n<td style=\"padding: 0.75rem;vertical-align: top\">&gt; 95 dB<\/td>\n<\/tr>\n<tr>\n<td style=\"padding: 0.75rem;vertical-align: top\">Power<\/td>\n<td style=\"padding: 0.75rem;vertical-align: top\">Consumption<\/td>\n<td colspan=\"1\" style=\"padding: 0.75rem;vertical-align: top\">Standby<\/td>\n<td style=\"padding: 0.75rem;vertical-align: top\">0.8 W (PSD241 included)<\/td>\n<\/tr>\n<tr>\n<td style=\"padding: 0.75rem;vertical-align: top\">&nbsp;<\/td>\n<td colspan=\"2\" style=\"padding: 0.75rem;vertical-align: top\">Supply<\/td>\n<td style=\"padding: 0.75rem;vertical-align: top\">24V DC (PSD241 switching Power supply included 100 ~ 240V AC \/ 47 ~ 63 Hz)<\/td>\n<\/tr>\n<tr>\n<td colspan=\"3\" style=\"padding: 0.75rem;vertical-align: top\">Efficiency<\/td>\n<td style=\"padding: 0.75rem;vertical-align: top\">87%<\/td>\n<\/tr>\n<tr>\n<td colspan=\"3\" style=\"padding: 0.75rem;vertical-align: top\">Cooling<\/td>\n<td style=\"padding: 0.75rem;vertical-align: top\">Convection cooled<\/td>\n<\/tr>\n<tr>\n<td colspan=\"3\" style=\"padding: 0.75rem;vertical-align: top\">Protection<\/td>\n<td style=\"padding: 0.75rem;vertical-align: top\">Over heating<\/td>\n<\/tr>\n<tr>\n<td colspan=\"3\" style=\"padding: 0.75rem;vertical-align: top\">&nbsp;<\/td>\n<td style=\"padding: 0.75rem;vertical-align: top\">Over load<\/td>\n<\/tr>\n<tr>\n<td colspan=\"3\" style=\"padding: 0.75rem;vertical-align: top\">&nbsp;<\/td>\n<td style=\"padding: 0.75rem;vertical-align: top\">DC Short circuit<\/td>\n<\/tr>\n<tr>\n<td colspan=\"3\" style=\"padding: 0.75rem;vertical-align: top\">&nbsp;<\/td>\n<td style=\"padding: 0.75rem;vertical-align: top\">Signal limiting<\/td>\n<\/tr>\n<tr>\n<td colspan=\"3\" style=\"padding: 0.75rem;vertical-align: top\">Energy certification<\/td>\n<td style=\"padding: 0.75rem;vertical-align: top\">Energy Star 3.0<\/td>\n<\/tr>\n<\/tbody>\n<\/table>\n<table class=\"table table-responsive-sm table-striped\" style=\"border-collapse: collapse;font-family: OpenSans-Light;width: 1150.34px;max-width: 100%;margin-bottom: 1rem;font-size: 20px\">\n<thead>\n<tr>\n<th colspan=\"5\" style=\"text-align: inherit;padding: 0.75rem;vertical-align: bottom\">Product Features<\/th>\n<\/tr>\n<\/thead>\n<tbody>\n<tr>\n<td colspan=\"2\" style=\"padding: 0.75rem;vertical-align: top\">Dimensions<\/td>\n<td style=\"padding: 0.75rem;vertical-align: top\">108 x 44 x 165 mm (W x H x D)<\/td>\n<\/tr>\n<tr>\n<td colspan=\"2\" style=\"padding: 0.75rem;vertical-align: top\">Weight<\/td>\n<td style=\"padding: 0.75rem;vertical-align: top\">0.800 kg<\/td>\n<\/tr>\n<tr>\n<td style=\"padding: 0.75rem;vertical-align: top\">Accessories<\/td>\n<td colspan=\"1\" style=\"padding: 0.75rem;vertical-align: top\">Included<\/td>\n<td style=\"padding: 0.75rem;vertical-align: top\">PSD241 &#8211; Power supply 24V \/ 1.67 A (Efficiency Level V)<\/td>\n<\/tr>\n<tr>\n<td style=\"padding: 0.75rem;vertical-align: top\">&nbsp;<\/td>\n<td colspan=\"1\" style=\"padding: 0.75rem;vertical-align: top\">Optional<\/td>\n<td style=\"padding: 0.75rem;vertical-align: top\">VC3208 Remote volume controller<\/td>\n<\/tr>\n<tr>\n<td style=\"padding: 0.75rem;vertical-align: top\">&nbsp;<\/td>\n<td colspan=\"1\" style=\"padding: 0.75rem;vertical-align: top\">&nbsp;<\/td>\n<td style=\"padding: 0.75rem;vertical-align: top\">WP523 Remote wall mixer<\/td>\n<\/tr>\n<tr>\n<td style=\"padding: 0.75rem;vertical-align: top\">&nbsp;<\/td>\n<td colspan=\"1\" style=\"padding: 0.75rem;vertical-align: top\">&nbsp;<\/td>\n<td style=\"padding: 0.75rem;vertical-align: top\">MBS1xx Optional Wall mounting brackets<\/td>\n<\/tr>\n<tr>\n<td style=\"padding: 0.75rem;vertical-align: top\">&nbsp;<\/td>\n<td colspan=\"1\" style=\"padding: 0.75rem;vertical-align: top\">&nbsp;<\/td>\n<td style=\"padding: 0.75rem;vertical-align: top\">TR3030 100V Transformer 30 W<\/td>\n<\/tr>\n<\/tbody>\n<\/table>\n","protected":false},"excerpt":{"rendered":"<p>S\u00fcmeetrilised stereo liini ja mikrofoni sisendid<br \/>\n2x15W\/4\u03a9, 1x30W\/8\u03a9<br \/>\nOotere\u017eiimis energias\u00e4\u00e4sture\u017eiim<br \/>\nKompaktne disain<br \/>\nLisana mikser-seinapaneel sisenditega ja helitugevuse reguleerimisega<\/p>\n","protected":false},"featured_media":26679,"template":"","meta":[],"product_cat":[1907],"product_tag":[124],"class_list":{"0":"post-24960","1":"product","2":"type-product","3":"status-publish","4":"has-post-thumbnail","6":"product_cat-1907","7":"product_tag-audac","9":"first","10":"onbackorder","11":"taxable","12":"shipping-taxable","13":"purchasable","14":"product-type-simple"},"yoast_head":"<!-- This site is optimized with the Yoast SEO plugin v23.1 - https:\/\/yoast.com\/wordpress\/plugins\/seo\/ -->\n<title>Audac AMP20MK2 Mini stereo v\u00f5imendi - Hannu PRO<\/title>\n<meta name=\"robots\" content=\"index, follow, max-snippet:-1, max-image-preview:large, max-video-preview:-1\" \/>\n<link rel=\"canonical\" href=\"https:\/\/hannu-pro.ee\/en\/toode\/audac-amp20mk2-mini-stereo-voimendi\/\" \/>\n<meta property=\"og:locale\" content=\"en_US\" \/>\n<meta property=\"og:type\" content=\"article\" \/>\n<meta property=\"og:title\" content=\"Audac AMP20MK2 Mini stereo v\u00f5imendi - Hannu PRO\" \/>\n<meta property=\"og:description\" content=\"S\u00fcmeetrilised stereo liini ja mikrofoni sisendid 2x15W\/4\u03a9, 1x30W\/8\u03a9 Ootere\u017eiimis energias\u00e4\u00e4sture\u017eiim Kompaktne disain  Lisana mikser-seinapaneel sisenditega ja helitugevuse reguleerimisega\" \/>\n<meta property=\"og:url\" content=\"https:\/\/hannu-pro.ee\/en\/toode\/audac-amp20mk2-mini-stereo-voimendi\/\" \/>\n<meta property=\"og:site_name\" content=\"Hannu PRO\" \/>\n<meta property=\"article:modified_time\" content=\"2026-02-25T13:59:15+00:00\" \/>\n<meta property=\"og:image\" content=\"https:\/\/hannu-pro.ee\/wp-content\/uploads\/2021\/12\/AMP20-MK2-Small.jpg\" \/>\n\t<meta property=\"og:image:width\" content=\"854\" \/>\n\t<meta property=\"og:image:height\" content=\"301\" \/>\n\t<meta property=\"og:image:type\" content=\"image\/jpeg\" \/>\n<meta name=\"twitter:card\" content=\"summary_large_image\" \/>\n<meta name=\"twitter:label1\" content=\"Est. reading time\" \/>\n\t<meta name=\"twitter:data1\" content=\"2 minutes\" \/>\n<script type=\"application\/ld+json\" class=\"yoast-schema-graph\">{\"@context\":\"https:\/\/schema.org\",\"@graph\":[{\"@type\":\"WebPage\",\"@id\":\"https:\/\/hannu-pro.ee\/en\/toode\/audac-amp20mk2-mini-stereo-voimendi\/\",\"url\":\"https:\/\/hannu-pro.ee\/en\/toode\/audac-amp20mk2-mini-stereo-voimendi\/\",\"name\":\"Audac AMP20MK2 Mini stereo v\u00f5imendi - Hannu PRO\",\"isPartOf\":{\"@id\":\"https:\/\/hannu-pro.ee\/en\/#website\"},\"primaryImageOfPage\":{\"@id\":\"https:\/\/hannu-pro.ee\/en\/toode\/audac-amp20mk2-mini-stereo-voimendi\/#primaryimage\"},\"image\":{\"@id\":\"https:\/\/hannu-pro.ee\/en\/toode\/audac-amp20mk2-mini-stereo-voimendi\/#primaryimage\"},\"thumbnailUrl\":\"https:\/\/hannu-pro.ee\/wp-content\/uploads\/2021\/12\/AMP20-MK2-Small.jpg\",\"datePublished\":\"2021-09-16T09:15:48+00:00\",\"dateModified\":\"2026-02-25T13:59:15+00:00\",\"breadcrumb\":{\"@id\":\"https:\/\/hannu-pro.ee\/en\/toode\/audac-amp20mk2-mini-stereo-voimendi\/#breadcrumb\"},\"inLanguage\":\"en-US\",\"potentialAction\":[{\"@type\":\"ReadAction\",\"target\":[\"https:\/\/hannu-pro.ee\/en\/toode\/audac-amp20mk2-mini-stereo-voimendi\/\"]}]},{\"@type\":\"ImageObject\",\"inLanguage\":\"en-US\",\"@id\":\"https:\/\/hannu-pro.ee\/en\/toode\/audac-amp20mk2-mini-stereo-voimendi\/#primaryimage\",\"url\":\"https:\/\/hannu-pro.ee\/wp-content\/uploads\/2021\/12\/AMP20-MK2-Small.jpg\",\"contentUrl\":\"https:\/\/hannu-pro.ee\/wp-content\/uploads\/2021\/12\/AMP20-MK2-Small.jpg\",\"width\":854,\"height\":301,\"caption\":\"AMP20-MK2-Small\"},{\"@type\":\"BreadcrumbList\",\"@id\":\"https:\/\/hannu-pro.ee\/en\/toode\/audac-amp20mk2-mini-stereo-voimendi\/#breadcrumb\",\"itemListElement\":[{\"@type\":\"ListItem\",\"position\":1,\"name\":\"Home\",\"item\":\"https:\/\/hannu-pro.ee\/en\/\"},{\"@type\":\"ListItem\",\"position\":2,\"name\":\"Shop\",\"item\":\"https:\/\/hannu-pro.ee\/en\/shop\/\"},{\"@type\":\"ListItem\",\"position\":3,\"name\":\"Audac AMP20MK2 Mini stereo v\u00f5imendi\"}]},{\"@type\":\"WebSite\",\"@id\":\"https:\/\/hannu-pro.ee\/en\/#website\",\"url\":\"https:\/\/hannu-pro.ee\/en\/\",\"name\":\"Hannu PRO\",\"description\":\"Professionaalsed video\/audio seadmed\",\"potentialAction\":[{\"@type\":\"SearchAction\",\"target\":{\"@type\":\"EntryPoint\",\"urlTemplate\":\"https:\/\/hannu-pro.ee\/en\/?s={search_term_string}\"},\"query-input\":\"required name=search_term_string\"}],\"inLanguage\":\"en-US\"}]}<\/script>\n<!-- \/ Yoast SEO plugin. -->","yoast_head_json":{"title":"Audac AMP20MK2 Mini stereo v\u00f5imendi - Hannu PRO","robots":{"index":"index","follow":"follow","max-snippet":"max-snippet:-1","max-image-preview":"max-image-preview:large","max-video-preview":"max-video-preview:-1"},"canonical":"https:\/\/hannu-pro.ee\/en\/toode\/audac-amp20mk2-mini-stereo-voimendi\/","og_locale":"en_US","og_type":"article","og_title":"Audac AMP20MK2 Mini stereo v\u00f5imendi - Hannu PRO","og_description":"S\u00fcmeetrilised stereo liini ja mikrofoni sisendid 2x15W\/4\u03a9, 1x30W\/8\u03a9 Ootere\u017eiimis energias\u00e4\u00e4sture\u017eiim Kompaktne disain  Lisana mikser-seinapaneel sisenditega ja helitugevuse reguleerimisega","og_url":"https:\/\/hannu-pro.ee\/en\/toode\/audac-amp20mk2-mini-stereo-voimendi\/","og_site_name":"Hannu PRO","article_modified_time":"2026-02-25T13:59:15+00:00","og_image":[{"width":854,"height":301,"url":"https:\/\/hannu-pro.ee\/wp-content\/uploads\/2021\/12\/AMP20-MK2-Small.jpg","type":"image\/jpeg"}],"twitter_card":"summary_large_image","twitter_misc":{"Est. reading time":"2 minutes"},"schema":{"@context":"https:\/\/schema.org","@graph":[{"@type":"WebPage","@id":"https:\/\/hannu-pro.ee\/en\/toode\/audac-amp20mk2-mini-stereo-voimendi\/","url":"https:\/\/hannu-pro.ee\/en\/toode\/audac-amp20mk2-mini-stereo-voimendi\/","name":"Audac AMP20MK2 Mini stereo v\u00f5imendi - Hannu PRO","isPartOf":{"@id":"https:\/\/hannu-pro.ee\/en\/#website"},"primaryImageOfPage":{"@id":"https:\/\/hannu-pro.ee\/en\/toode\/audac-amp20mk2-mini-stereo-voimendi\/#primaryimage"},"image":{"@id":"https:\/\/hannu-pro.ee\/en\/toode\/audac-amp20mk2-mini-stereo-voimendi\/#primaryimage"},"thumbnailUrl":"https:\/\/hannu-pro.ee\/wp-content\/uploads\/2021\/12\/AMP20-MK2-Small.jpg","datePublished":"2021-09-16T09:15:48+00:00","dateModified":"2026-02-25T13:59:15+00:00","breadcrumb":{"@id":"https:\/\/hannu-pro.ee\/en\/toode\/audac-amp20mk2-mini-stereo-voimendi\/#breadcrumb"},"inLanguage":"en-US","potentialAction":[{"@type":"ReadAction","target":["https:\/\/hannu-pro.ee\/en\/toode\/audac-amp20mk2-mini-stereo-voimendi\/"]}]},{"@type":"ImageObject","inLanguage":"en-US","@id":"https:\/\/hannu-pro.ee\/en\/toode\/audac-amp20mk2-mini-stereo-voimendi\/#primaryimage","url":"https:\/\/hannu-pro.ee\/wp-content\/uploads\/2021\/12\/AMP20-MK2-Small.jpg","contentUrl":"https:\/\/hannu-pro.ee\/wp-content\/uploads\/2021\/12\/AMP20-MK2-Small.jpg","width":854,"height":301,"caption":"AMP20-MK2-Small"},{"@type":"BreadcrumbList","@id":"https:\/\/hannu-pro.ee\/en\/toode\/audac-amp20mk2-mini-stereo-voimendi\/#breadcrumb","itemListElement":[{"@type":"ListItem","position":1,"name":"Home","item":"https:\/\/hannu-pro.ee\/en\/"},{"@type":"ListItem","position":2,"name":"Shop","item":"https:\/\/hannu-pro.ee\/en\/shop\/"},{"@type":"ListItem","position":3,"name":"Audac AMP20MK2 Mini stereo v\u00f5imendi"}]},{"@type":"WebSite","@id":"https:\/\/hannu-pro.ee\/en\/#website","url":"https:\/\/hannu-pro.ee\/en\/","name":"Hannu PRO","description":"Professionaalsed video\/audio seadmed","potentialAction":[{"@type":"SearchAction","target":{"@type":"EntryPoint","urlTemplate":"https:\/\/hannu-pro.ee\/en\/?s={search_term_string}"},"query-input":"required name=search_term_string"}],"inLanguage":"en-US"}]}},"_links":{"self":[{"href":"https:\/\/hannu-pro.ee\/en\/wp-json\/wp\/v2\/product\/24960"}],"collection":[{"href":"https:\/\/hannu-pro.ee\/en\/wp-json\/wp\/v2\/product"}],"about":[{"href":"https:\/\/hannu-pro.ee\/en\/wp-json\/wp\/v2\/types\/product"}],"wp:featuredmedia":[{"embeddable":true,"href":"https:\/\/hannu-pro.ee\/en\/wp-json\/wp\/v2\/media\/26679"}],"wp:attachment":[{"href":"https:\/\/hannu-pro.ee\/en\/wp-json\/wp\/v2\/media?parent=24960"}],"wp:term":[{"taxonomy":"product_cat","embeddable":true,"href":"https:\/\/hannu-pro.ee\/en\/wp-json\/wp\/v2\/product_cat?post=24960"},{"taxonomy":"product_tag","embeddable":true,"href":"https:\/\/hannu-pro.ee\/en\/wp-json\/wp\/v2\/product_tag?post=24960"}],"curies":[{"name":"wp","href":"https:\/\/api.w.org\/{rel}","templated":true}]}}