{"id":30115,"date":"2022-12-07T16:06:00","date_gmt":"2022-12-07T14:06:00","guid":{"rendered":"https:\/\/hannu-pro.ee\/product\/rode-wireless-go-ii-single\/"},"modified":"2026-02-25T15:59:35","modified_gmt":"2026-02-25T13:59:35","slug":"rode-wireless-go-ii-single","status":"publish","type":"product","link":"https:\/\/hannu-pro.ee\/en\/toode\/rode-wireless-go-ii-single\/","title":{"rendered":"RODE Wireless GO II Single"},"content":{"rendered":"<p><span style=\"font-family: Euronics, sans-serif;font-size: 14px\">Wireless GO II on kompaktne kantav juhtmevaba mikrofon, mis tagab suurep\u00e4rased tulemused igas situatsioonis. Sisseehitatud omnisuunaline kondensermikrofon lubab kasutada iseseisvalt v\u00f5i \u00fchendada Rode Lavalier ning saadab heli selgelt 2,4GHz singaalina vastuv\u00f5tjasse.<\/span><br style=\"font-family: Euronics, sans-serif;font-size: 14px\" \/><br \/>\n<br style=\"font-family: Euronics, sans-serif;font-size: 14px\" \/><br \/>\n<span style=\"font-family: Euronics, sans-serif;font-size: 14px\">\u2022 3,5mm TRS analoogsisend ja USB-C laadimis\u00fchendus<\/span><br style=\"font-family: Euronics, sans-serif;font-size: 14px\" \/><br \/>\n<span style=\"font-family: Euronics, sans-serif;font-size: 14px\">\u2022 Kuni 7 tundi kestev Li-Ion aku<\/span><\/p>\n","protected":false},"excerpt":{"rendered":"<p>Wireless GO II on kompaktne kantav juhtmevaba mikrofon, mis tagab suurep\u00e4rased tulemused igas situatsioonis. Sisseehitatud omnisuunaline kondensermikrofon lubab kasutada iseseisvalt v\u00f5i \u00fchendada Rode Lavalier ning saadab heli selgelt 2,4GHz singaalina vastuv\u00f5tjasse.<\/p>\n<p>\u2022 3,5mm TRS analoogsisend ja USB-C laadimis\u00fchendus<br \/>\n\u2022 Kuni 7 tundi kestev Li-Ion aku<\/p>\n","protected":false},"featured_media":0,"template":"","meta":[],"product_cat":[1882],"product_tag":[],"class_list":{"0":"post-30115","1":"product","2":"type-product","3":"status-publish","5":"product_cat-1882","7":"first","8":"onbackorder","9":"taxable","10":"shipping-taxable","11":"purchasable","12":"product-type-simple"},"yoast_head":"<!-- This site is optimized with the Yoast SEO plugin v23.1 - https:\/\/yoast.com\/wordpress\/plugins\/seo\/ -->\n<title>RODE Wireless GO II Single - Hannu PRO<\/title>\n<meta name=\"robots\" content=\"index, follow, max-snippet:-1, max-image-preview:large, max-video-preview:-1\" \/>\n<link rel=\"canonical\" href=\"https:\/\/hannu-pro.ee\/en\/toode\/rode-wireless-go-ii-single\/\" \/>\n<meta property=\"og:locale\" content=\"en_US\" \/>\n<meta property=\"og:type\" content=\"article\" \/>\n<meta property=\"og:title\" content=\"RODE Wireless GO II Single - Hannu PRO\" \/>\n<meta property=\"og:description\" content=\"Wireless GO II on kompaktne kantav juhtmevaba mikrofon, mis tagab suurep\u00e4rased tulemused igas situatsioonis. Sisseehitatud omnisuunaline kondensermikrofon lubab kasutada iseseisvalt v\u00f5i \u00fchendada Rode Lavalier ning saadab heli selgelt 2,4GHz singaalina vastuv\u00f5tjasse.  \u2022 3,5mm TRS analoogsisend ja USB-C laadimis\u00fchendus \u2022 Kuni 7 tundi kestev Li-Ion aku\" \/>\n<meta property=\"og:url\" content=\"https:\/\/hannu-pro.ee\/en\/toode\/rode-wireless-go-ii-single\/\" \/>\n<meta property=\"og:site_name\" content=\"Hannu PRO\" \/>\n<meta property=\"article:modified_time\" content=\"2026-02-25T13:59:35+00:00\" \/>\n<meta name=\"twitter:card\" content=\"summary_large_image\" \/>\n<script type=\"application\/ld+json\" class=\"yoast-schema-graph\">{\"@context\":\"https:\/\/schema.org\",\"@graph\":[{\"@type\":\"WebPage\",\"@id\":\"https:\/\/hannu-pro.ee\/en\/toode\/rode-wireless-go-ii-single\/\",\"url\":\"https:\/\/hannu-pro.ee\/en\/toode\/rode-wireless-go-ii-single\/\",\"name\":\"RODE Wireless GO II Single - Hannu PRO\",\"isPartOf\":{\"@id\":\"https:\/\/hannu-pro.ee\/en\/#website\"},\"datePublished\":\"2022-12-07T14:06:00+00:00\",\"dateModified\":\"2026-02-25T13:59:35+00:00\",\"breadcrumb\":{\"@id\":\"https:\/\/hannu-pro.ee\/en\/toode\/rode-wireless-go-ii-single\/#breadcrumb\"},\"inLanguage\":\"en-US\",\"potentialAction\":[{\"@type\":\"ReadAction\",\"target\":[\"https:\/\/hannu-pro.ee\/en\/toode\/rode-wireless-go-ii-single\/\"]}]},{\"@type\":\"BreadcrumbList\",\"@id\":\"https:\/\/hannu-pro.ee\/en\/toode\/rode-wireless-go-ii-single\/#breadcrumb\",\"itemListElement\":[{\"@type\":\"ListItem\",\"position\":1,\"name\":\"Home\",\"item\":\"https:\/\/hannu-pro.ee\/en\/\"},{\"@type\":\"ListItem\",\"position\":2,\"name\":\"Shop\",\"item\":\"https:\/\/hannu-pro.ee\/en\/shop\/\"},{\"@type\":\"ListItem\",\"position\":3,\"name\":\"RODE Wireless GO II Single\"}]},{\"@type\":\"WebSite\",\"@id\":\"https:\/\/hannu-pro.ee\/en\/#website\",\"url\":\"https:\/\/hannu-pro.ee\/en\/\",\"name\":\"Hannu PRO\",\"description\":\"Professionaalsed video\/audio seadmed\",\"potentialAction\":[{\"@type\":\"SearchAction\",\"target\":{\"@type\":\"EntryPoint\",\"urlTemplate\":\"https:\/\/hannu-pro.ee\/en\/?s={search_term_string}\"},\"query-input\":\"required name=search_term_string\"}],\"inLanguage\":\"en-US\"}]}<\/script>\n<!-- \/ Yoast SEO plugin. -->","yoast_head_json":{"title":"RODE Wireless GO II Single - Hannu PRO","robots":{"index":"index","follow":"follow","max-snippet":"max-snippet:-1","max-image-preview":"max-image-preview:large","max-video-preview":"max-video-preview:-1"},"canonical":"https:\/\/hannu-pro.ee\/en\/toode\/rode-wireless-go-ii-single\/","og_locale":"en_US","og_type":"article","og_title":"RODE Wireless GO II Single - Hannu PRO","og_description":"Wireless GO II on kompaktne kantav juhtmevaba mikrofon, mis tagab suurep\u00e4rased tulemused igas situatsioonis. Sisseehitatud omnisuunaline kondensermikrofon lubab kasutada iseseisvalt v\u00f5i \u00fchendada Rode Lavalier ning saadab heli selgelt 2,4GHz singaalina vastuv\u00f5tjasse.  \u2022 3,5mm TRS analoogsisend ja USB-C laadimis\u00fchendus \u2022 Kuni 7 tundi kestev Li-Ion aku","og_url":"https:\/\/hannu-pro.ee\/en\/toode\/rode-wireless-go-ii-single\/","og_site_name":"Hannu PRO","article_modified_time":"2026-02-25T13:59:35+00:00","twitter_card":"summary_large_image","schema":{"@context":"https:\/\/schema.org","@graph":[{"@type":"WebPage","@id":"https:\/\/hannu-pro.ee\/en\/toode\/rode-wireless-go-ii-single\/","url":"https:\/\/hannu-pro.ee\/en\/toode\/rode-wireless-go-ii-single\/","name":"RODE Wireless GO II Single - Hannu PRO","isPartOf":{"@id":"https:\/\/hannu-pro.ee\/en\/#website"},"datePublished":"2022-12-07T14:06:00+00:00","dateModified":"2026-02-25T13:59:35+00:00","breadcrumb":{"@id":"https:\/\/hannu-pro.ee\/en\/toode\/rode-wireless-go-ii-single\/#breadcrumb"},"inLanguage":"en-US","potentialAction":[{"@type":"ReadAction","target":["https:\/\/hannu-pro.ee\/en\/toode\/rode-wireless-go-ii-single\/"]}]},{"@type":"BreadcrumbList","@id":"https:\/\/hannu-pro.ee\/en\/toode\/rode-wireless-go-ii-single\/#breadcrumb","itemListElement":[{"@type":"ListItem","position":1,"name":"Home","item":"https:\/\/hannu-pro.ee\/en\/"},{"@type":"ListItem","position":2,"name":"Shop","item":"https:\/\/hannu-pro.ee\/en\/shop\/"},{"@type":"ListItem","position":3,"name":"RODE Wireless GO II Single"}]},{"@type":"WebSite","@id":"https:\/\/hannu-pro.ee\/en\/#website","url":"https:\/\/hannu-pro.ee\/en\/","name":"Hannu PRO","description":"Professionaalsed video\/audio seadmed","potentialAction":[{"@type":"SearchAction","target":{"@type":"EntryPoint","urlTemplate":"https:\/\/hannu-pro.ee\/en\/?s={search_term_string}"},"query-input":"required name=search_term_string"}],"inLanguage":"en-US"}]}},"_links":{"self":[{"href":"https:\/\/hannu-pro.ee\/en\/wp-json\/wp\/v2\/product\/30115"}],"collection":[{"href":"https:\/\/hannu-pro.ee\/en\/wp-json\/wp\/v2\/product"}],"about":[{"href":"https:\/\/hannu-pro.ee\/en\/wp-json\/wp\/v2\/types\/product"}],"wp:attachment":[{"href":"https:\/\/hannu-pro.ee\/en\/wp-json\/wp\/v2\/media?parent=30115"}],"wp:term":[{"taxonomy":"product_cat","embeddable":true,"href":"https:\/\/hannu-pro.ee\/en\/wp-json\/wp\/v2\/product_cat?post=30115"},{"taxonomy":"product_tag","embeddable":true,"href":"https:\/\/hannu-pro.ee\/en\/wp-json\/wp\/v2\/product_tag?post=30115"}],"curies":[{"name":"wp","href":"https:\/\/api.w.org\/{rel}","templated":true}]}}